{"id":7602,"date":"2024-03-27T08:02:20","date_gmt":"2024-03-27T08:02:20","guid":{"rendered":"https:\/\/taupegreen.com\/product\/de-traditionele-vangst-van-mollen-nieuwe-herziene-en-uitgebreide-editie-edities-ulmer-128-paginas\/"},"modified":"2024-03-27T08:02:20","modified_gmt":"2024-03-27T08:02:20","slug":"de-traditionele-vangst-van-mollen-nieuwe-herziene-en-uitgebreide-editie-edities-ulmer-128-paginas","status":"publish","type":"product","link":"https:\/\/taupegreen.com\/nl\/product\/de-traditionele-vangst-van-mollen-nieuwe-herziene-en-uitgebreide-editie-edities-ulmer-128-paginas\/","title":{"rendered":"De traditionele vangst van mollen Nieuwe herziene en uitgebreide editie EDITIES ULMER 128 pagina&#8217;s"},"content":{"rendered":"<p><strong>Geniet van je tuin, maar niet met zomaar iemand!<\/strong><\/p>\n<p><strong>&#8220;Traditionele molvanger nummer 1 in verkoop, al meer dan 20.000 verkocht&#8221;<\/strong><\/p>\n<p><strong>  Ja tegen kinderen, maar geen moedervlekken meer!<\/strong><\/p>\n<p><img fetchpriority=\"high\" decoding=\"async\" class=\"alignnone size-full wp-image-6310\" src=\"https:\/\/taupegreen.com\/wp-content\/uploads\/2024\/03\/Boutique-enfant.jpg\" alt=\"Geniet van je tuin, maar niet met zomaar iemand! Ja tegen kinderen, maar geen moedervlekken meer!  \" width=\"202\" height=\"269\"><\/p>\n<p><strong><span style=\"vertical-align: inherit;\"><span style=\"vertical-align: inherit;\">Tope la<\/span><\/span><\/strong><\/p>\n<p>Het blies zo hard dat het niet het dak van je huis wegblies, maar de harmonie van je tuin!<\/p>\n<p>We willen haar bijna excuseren, medelijden hebben met dit arme kleine beestje (dat tot twintig keer zijn gewicht kan tillen!): het leeft ondergronds, het ziet geen druppel! Ja, maar de mol heeft de grootheidswaan en als je hem niet stopt, zal het de galerijen vermenigvuldigen, wat leidt tot de kwetsbaarheid van de grond en vele andere problemen met de vervloekte molshoop. <\/p>\n<p>Na het presenteren van de verschillende bestaande technieken (afweermiddelen, rookpatronen, explosieven zoals de D\u00e9taupeur, enz.), biedt J\u00e9r\u00f4me Dormion, professioneel molmaker en beheerder van de vloeren van het Ch\u00e2teau de Versailles in de Yvelines, een terugkeer naar een methode uit 1799: de &#8220;Putange&#8221; molval.<\/p>\n<p>Eenvoudig, ecologisch, het vereist echter dat we onze vriendin de mol en haar gewoonten goed kennen.<\/p>\n<h5><strong>Om je te helpen in deze meedogenloze strijd, worden er eindelijk een reeks praktische gevallen genoemd, ge\u00efllustreerd met foto&#8217;s. Zal goed lachen, wie blaast als laatste! <\/strong><\/h5>\n<p>&nbsp;<\/p>\n","protected":false},"excerpt":{"rendered":"<p>Geniet van je tuin, maar niet met zomaar iemand! &#8220;Traditionele molvanger nummer 1 in verkoop, al meer dan 20.000 verkocht&#8221; Ja tegen kinderen, maar geen moedervlekken meer! Tope la Het blies zo hard dat het niet het dak van je huis wegblies, maar de harmonie van je tuin! We willen haar bijna excuseren, medelijden hebben &hellip; <a href=\"https:\/\/taupegreen.com\/nl\/product\/de-traditionele-vangst-van-mollen-nieuwe-herziene-en-uitgebreide-editie-edities-ulmer-128-paginas\/\" class=\"more-link\">Continue reading<span class=\"screen-reader-text\"> &#8220;De traditionele vangst van mollen Nieuwe herziene en uitgebreide editie EDITIES ULMER 128 pagina&#8217;s&#8221;<\/span><\/a><\/p>\n","protected":false},"featured_media":7731,"comment_status":"closed","ping_status":"closed","template":"","meta":[],"product_brand":[],"product_cat":[],"product_tag":[],"class_list":{"0":"post-7602","1":"product","2":"type-product","3":"status-publish","4":"has-post-thumbnail","7":"first","8":"instock","9":"taxable","10":"shipping-taxable","11":"purchasable","12":"product-type-simple"},"yoast_head":"<!-- This site is optimized with the Yoast SEO plugin v27.3 - https:\/\/yoast.com\/product\/yoast-seo-wordpress\/ -->\n<title>De traditionele vangst van mollen Nieuwe herziene en uitgebreide editie EDITIES ULMER 128 pagina&#039;s - Taup&#039; Green<\/title>\n<meta name=\"robots\" content=\"index, follow, max-snippet:-1, max-image-preview:large, max-video-preview:-1\" \/>\n<link rel=\"canonical\" href=\"https:\/\/taupegreen.com\/nl\/product\/de-traditionele-vangst-van-mollen-nieuwe-herziene-en-uitgebreide-editie-edities-ulmer-128-paginas\/\" \/>\n<meta property=\"og:locale\" content=\"nl_NL\" \/>\n<meta property=\"og:type\" content=\"article\" \/>\n<meta property=\"og:title\" content=\"De traditionele vangst van mollen Nieuwe herziene en uitgebreide editie EDITIES ULMER 128 pagina&#039;s - Taup&#039; Green\" \/>\n<meta property=\"og:description\" content=\"Geniet van je tuin, maar niet met zomaar iemand! &#8220;Traditionele molvanger nummer 1 in verkoop, al meer dan 20.000 verkocht&#8221; Ja tegen kinderen, maar geen moedervlekken meer! Tope la Het blies zo hard dat het niet het dak van je huis wegblies, maar de harmonie van je tuin! We willen haar bijna excuseren, medelijden hebben &hellip; Continue reading &quot;De traditionele vangst van mollen Nieuwe herziene en uitgebreide editie EDITIES ULMER 128 pagina&#8217;s&quot;\" \/>\n<meta property=\"og:url\" content=\"https:\/\/taupegreen.com\/nl\/product\/de-traditionele-vangst-van-mollen-nieuwe-herziene-en-uitgebreide-editie-edities-ulmer-128-paginas\/\" \/>\n<meta property=\"og:site_name\" content=\"Taup&#039; Green\" \/>\n<meta property=\"og:image\" content=\"https:\/\/taupegreen.com\/wp-content\/uploads\/2024\/03\/Le-piegeage-traditionnel-des-taupes.jpg\" \/>\n\t<meta property=\"og:image:width\" content=\"558\" \/>\n\t<meta property=\"og:image:height\" content=\"802\" \/>\n\t<meta property=\"og:image:type\" content=\"image\/jpeg\" \/>\n<meta name=\"twitter:card\" content=\"summary_large_image\" \/>\n<meta name=\"twitter:label1\" content=\"Geschatte leestijd\" \/>\n\t<meta name=\"twitter:data1\" content=\"1 minute\" \/>\n<script type=\"application\/ld+json\" class=\"yoast-schema-graph\">{\"@context\":\"https:\\\/\\\/schema.org\",\"@graph\":[{\"@type\":\"WebPage\",\"@id\":\"https:\\\/\\\/taupegreen.com\\\/nl\\\/product\\\/de-traditionele-vangst-van-mollen-nieuwe-herziene-en-uitgebreide-editie-edities-ulmer-128-paginas\\\/\",\"url\":\"https:\\\/\\\/taupegreen.com\\\/nl\\\/product\\\/de-traditionele-vangst-van-mollen-nieuwe-herziene-en-uitgebreide-editie-edities-ulmer-128-paginas\\\/\",\"name\":\"De traditionele vangst van mollen Nieuwe herziene en uitgebreide editie EDITIES ULMER 128 pagina's - Taup&#039; Green\",\"isPartOf\":{\"@id\":\"https:\\\/\\\/taupegreen.com\\\/nl\\\/#website\"},\"primaryImageOfPage\":{\"@id\":\"https:\\\/\\\/taupegreen.com\\\/nl\\\/product\\\/de-traditionele-vangst-van-mollen-nieuwe-herziene-en-uitgebreide-editie-edities-ulmer-128-paginas\\\/#primaryimage\"},\"image\":{\"@id\":\"https:\\\/\\\/taupegreen.com\\\/nl\\\/product\\\/de-traditionele-vangst-van-mollen-nieuwe-herziene-en-uitgebreide-editie-edities-ulmer-128-paginas\\\/#primaryimage\"},\"thumbnailUrl\":\"https:\\\/\\\/taupegreen.com\\\/wp-content\\\/uploads\\\/2024\\\/03\\\/Design-sans-titre-45.jpg\",\"datePublished\":\"2024-03-27T08:02:20+00:00\",\"breadcrumb\":{\"@id\":\"https:\\\/\\\/taupegreen.com\\\/nl\\\/product\\\/de-traditionele-vangst-van-mollen-nieuwe-herziene-en-uitgebreide-editie-edities-ulmer-128-paginas\\\/#breadcrumb\"},\"inLanguage\":\"nl-NL\",\"potentialAction\":[{\"@type\":\"ReadAction\",\"target\":[\"https:\\\/\\\/taupegreen.com\\\/nl\\\/product\\\/de-traditionele-vangst-van-mollen-nieuwe-herziene-en-uitgebreide-editie-edities-ulmer-128-paginas\\\/\"]}]},{\"@type\":\"ImageObject\",\"inLanguage\":\"nl-NL\",\"@id\":\"https:\\\/\\\/taupegreen.com\\\/nl\\\/product\\\/de-traditionele-vangst-van-mollen-nieuwe-herziene-en-uitgebreide-editie-edities-ulmer-128-paginas\\\/#primaryimage\",\"url\":\"https:\\\/\\\/taupegreen.com\\\/wp-content\\\/uploads\\\/2024\\\/03\\\/Design-sans-titre-45.jpg\",\"contentUrl\":\"https:\\\/\\\/taupegreen.com\\\/wp-content\\\/uploads\\\/2024\\\/03\\\/Design-sans-titre-45.jpg\",\"width\":500,\"height\":500},{\"@type\":\"BreadcrumbList\",\"@id\":\"https:\\\/\\\/taupegreen.com\\\/nl\\\/product\\\/de-traditionele-vangst-van-mollen-nieuwe-herziene-en-uitgebreide-editie-edities-ulmer-128-paginas\\\/#breadcrumb\",\"itemListElement\":[{\"@type\":\"ListItem\",\"position\":1,\"name\":\"Accueil\",\"item\":\"https:\\\/\\\/taupegreen.com\\\/nl\\\/\"},{\"@type\":\"ListItem\",\"position\":2,\"name\":\"De traditionele vangst van mollen Nieuwe herziene en uitgebreide editie EDITIES ULMER 128 pagina&rsquo;s\"}]},{\"@type\":\"WebSite\",\"@id\":\"https:\\\/\\\/taupegreen.com\\\/nl\\\/#website\",\"url\":\"https:\\\/\\\/taupegreen.com\\\/nl\\\/\",\"name\":\"Taup&#039; Green\",\"description\":\"1er r\u00e9seau de taupiers en France\",\"publisher\":{\"@id\":\"https:\\\/\\\/taupegreen.com\\\/nl\\\/#organization\"},\"potentialAction\":[{\"@type\":\"SearchAction\",\"target\":{\"@type\":\"EntryPoint\",\"urlTemplate\":\"https:\\\/\\\/taupegreen.com\\\/nl\\\/?s={search_term_string}\"},\"query-input\":{\"@type\":\"PropertyValueSpecification\",\"valueRequired\":true,\"valueName\":\"search_term_string\"}}],\"inLanguage\":\"nl-NL\"},{\"@type\":\"Organization\",\"@id\":\"https:\\\/\\\/taupegreen.com\\\/nl\\\/#organization\",\"name\":\"Taup&#039; Green\",\"url\":\"https:\\\/\\\/taupegreen.com\\\/nl\\\/\",\"logo\":{\"@type\":\"ImageObject\",\"inLanguage\":\"nl-NL\",\"@id\":\"https:\\\/\\\/taupegreen.com\\\/nl\\\/#\\\/schema\\\/logo\\\/image\\\/\",\"url\":\"https:\\\/\\\/taupegreen.com\\\/wp-content\\\/uploads\\\/2024\\\/03\\\/cropped-Logo.png\",\"contentUrl\":\"https:\\\/\\\/taupegreen.com\\\/wp-content\\\/uploads\\\/2024\\\/03\\\/cropped-Logo.png\",\"width\":225,\"height\":169,\"caption\":\"Taup&#039; Green\"},\"image\":{\"@id\":\"https:\\\/\\\/taupegreen.com\\\/nl\\\/#\\\/schema\\\/logo\\\/image\\\/\"}}]}<\/script>\n<!-- \/ Yoast SEO plugin. -->","yoast_head_json":{"title":"De traditionele vangst van mollen Nieuwe herziene en uitgebreide editie EDITIES ULMER 128 pagina's - Taup&#039; Green","robots":{"index":"index","follow":"follow","max-snippet":"max-snippet:-1","max-image-preview":"max-image-preview:large","max-video-preview":"max-video-preview:-1"},"canonical":"https:\/\/taupegreen.com\/nl\/product\/de-traditionele-vangst-van-mollen-nieuwe-herziene-en-uitgebreide-editie-edities-ulmer-128-paginas\/","og_locale":"nl_NL","og_type":"article","og_title":"De traditionele vangst van mollen Nieuwe herziene en uitgebreide editie EDITIES ULMER 128 pagina's - Taup&#039; Green","og_description":"Geniet van je tuin, maar niet met zomaar iemand! &#8220;Traditionele molvanger nummer 1 in verkoop, al meer dan 20.000 verkocht&#8221; Ja tegen kinderen, maar geen moedervlekken meer! Tope la Het blies zo hard dat het niet het dak van je huis wegblies, maar de harmonie van je tuin! We willen haar bijna excuseren, medelijden hebben &hellip; Continue reading \"De traditionele vangst van mollen Nieuwe herziene en uitgebreide editie EDITIES ULMER 128 pagina&#8217;s\"","og_url":"https:\/\/taupegreen.com\/nl\/product\/de-traditionele-vangst-van-mollen-nieuwe-herziene-en-uitgebreide-editie-edities-ulmer-128-paginas\/","og_site_name":"Taup&#039; Green","og_image":[{"width":558,"height":802,"url":"https:\/\/taupegreen.com\/wp-content\/uploads\/2024\/03\/Le-piegeage-traditionnel-des-taupes.jpg","type":"image\/jpeg"}],"twitter_card":"summary_large_image","twitter_misc":{"Geschatte leestijd":"1 minute"},"schema":{"@context":"https:\/\/schema.org","@graph":[{"@type":"WebPage","@id":"https:\/\/taupegreen.com\/nl\/product\/de-traditionele-vangst-van-mollen-nieuwe-herziene-en-uitgebreide-editie-edities-ulmer-128-paginas\/","url":"https:\/\/taupegreen.com\/nl\/product\/de-traditionele-vangst-van-mollen-nieuwe-herziene-en-uitgebreide-editie-edities-ulmer-128-paginas\/","name":"De traditionele vangst van mollen Nieuwe herziene en uitgebreide editie EDITIES ULMER 128 pagina's - Taup&#039; Green","isPartOf":{"@id":"https:\/\/taupegreen.com\/nl\/#website"},"primaryImageOfPage":{"@id":"https:\/\/taupegreen.com\/nl\/product\/de-traditionele-vangst-van-mollen-nieuwe-herziene-en-uitgebreide-editie-edities-ulmer-128-paginas\/#primaryimage"},"image":{"@id":"https:\/\/taupegreen.com\/nl\/product\/de-traditionele-vangst-van-mollen-nieuwe-herziene-en-uitgebreide-editie-edities-ulmer-128-paginas\/#primaryimage"},"thumbnailUrl":"https:\/\/taupegreen.com\/wp-content\/uploads\/2024\/03\/Design-sans-titre-45.jpg","datePublished":"2024-03-27T08:02:20+00:00","breadcrumb":{"@id":"https:\/\/taupegreen.com\/nl\/product\/de-traditionele-vangst-van-mollen-nieuwe-herziene-en-uitgebreide-editie-edities-ulmer-128-paginas\/#breadcrumb"},"inLanguage":"nl-NL","potentialAction":[{"@type":"ReadAction","target":["https:\/\/taupegreen.com\/nl\/product\/de-traditionele-vangst-van-mollen-nieuwe-herziene-en-uitgebreide-editie-edities-ulmer-128-paginas\/"]}]},{"@type":"ImageObject","inLanguage":"nl-NL","@id":"https:\/\/taupegreen.com\/nl\/product\/de-traditionele-vangst-van-mollen-nieuwe-herziene-en-uitgebreide-editie-edities-ulmer-128-paginas\/#primaryimage","url":"https:\/\/taupegreen.com\/wp-content\/uploads\/2024\/03\/Design-sans-titre-45.jpg","contentUrl":"https:\/\/taupegreen.com\/wp-content\/uploads\/2024\/03\/Design-sans-titre-45.jpg","width":500,"height":500},{"@type":"BreadcrumbList","@id":"https:\/\/taupegreen.com\/nl\/product\/de-traditionele-vangst-van-mollen-nieuwe-herziene-en-uitgebreide-editie-edities-ulmer-128-paginas\/#breadcrumb","itemListElement":[{"@type":"ListItem","position":1,"name":"Accueil","item":"https:\/\/taupegreen.com\/nl\/"},{"@type":"ListItem","position":2,"name":"De traditionele vangst van mollen Nieuwe herziene en uitgebreide editie EDITIES ULMER 128 pagina&rsquo;s"}]},{"@type":"WebSite","@id":"https:\/\/taupegreen.com\/nl\/#website","url":"https:\/\/taupegreen.com\/nl\/","name":"Taup&#039; Green","description":"1er r\u00e9seau de taupiers en France","publisher":{"@id":"https:\/\/taupegreen.com\/nl\/#organization"},"potentialAction":[{"@type":"SearchAction","target":{"@type":"EntryPoint","urlTemplate":"https:\/\/taupegreen.com\/nl\/?s={search_term_string}"},"query-input":{"@type":"PropertyValueSpecification","valueRequired":true,"valueName":"search_term_string"}}],"inLanguage":"nl-NL"},{"@type":"Organization","@id":"https:\/\/taupegreen.com\/nl\/#organization","name":"Taup&#039; Green","url":"https:\/\/taupegreen.com\/nl\/","logo":{"@type":"ImageObject","inLanguage":"nl-NL","@id":"https:\/\/taupegreen.com\/nl\/#\/schema\/logo\/image\/","url":"https:\/\/taupegreen.com\/wp-content\/uploads\/2024\/03\/cropped-Logo.png","contentUrl":"https:\/\/taupegreen.com\/wp-content\/uploads\/2024\/03\/cropped-Logo.png","width":225,"height":169,"caption":"Taup&#039; Green"},"image":{"@id":"https:\/\/taupegreen.com\/nl\/#\/schema\/logo\/image\/"}}]}},"_links":{"self":[{"href":"https:\/\/taupegreen.com\/nl\/wp-json\/wp\/v2\/product\/7602","targetHints":{"allow":["GET"]}}],"collection":[{"href":"https:\/\/taupegreen.com\/nl\/wp-json\/wp\/v2\/product"}],"about":[{"href":"https:\/\/taupegreen.com\/nl\/wp-json\/wp\/v2\/types\/product"}],"replies":[{"embeddable":true,"href":"https:\/\/taupegreen.com\/nl\/wp-json\/wp\/v2\/comments?post=7602"}],"wp:featuredmedia":[{"embeddable":true,"href":"https:\/\/taupegreen.com\/nl\/wp-json\/wp\/v2\/media\/7731"}],"wp:attachment":[{"href":"https:\/\/taupegreen.com\/nl\/wp-json\/wp\/v2\/media?parent=7602"}],"wp:term":[{"taxonomy":"product_brand","embeddable":true,"href":"https:\/\/taupegreen.com\/nl\/wp-json\/wp\/v2\/product_brand?post=7602"},{"taxonomy":"product_cat","embeddable":true,"href":"https:\/\/taupegreen.com\/nl\/wp-json\/wp\/v2\/product_cat?post=7602"},{"taxonomy":"product_tag","embeddable":true,"href":"https:\/\/taupegreen.com\/nl\/wp-json\/wp\/v2\/product_tag?post=7602"}],"curies":[{"name":"wp","href":"https:\/\/api.w.org\/{rel}","templated":true}]}}