{"id":7341,"date":"2024-03-25T15:03:17","date_gmt":"2024-03-25T15:03:17","guid":{"rendered":"https:\/\/taupegreen.com\/dicht-bij-jou\/"},"modified":"2025-12-08T12:09:47","modified_gmt":"2025-12-08T12:09:47","slug":"dicht-bij-jou","status":"publish","type":"page","link":"https:\/\/taupegreen.com\/nl\/dicht-bij-jou\/","title":{"rendered":"Dicht bij jou"},"content":{"rendered":"\t\t<div data-elementor-type=\"wp-page\" data-elementor-id=\"7341\" class=\"elementor elementor-7341 elementor-6179\">\n\t\t\t\t\t\t<section class=\"elementor-section elementor-top-section elementor-element elementor-element-1f8c065c elementor-section-boxed elementor-section-height-default elementor-section-height-default\" data-id=\"1f8c065c\" data-element_type=\"section\" data-e-type=\"section\" data-settings=\"{&quot;background_background&quot;:&quot;classic&quot;}\">\n\t\t\t\t\t\t\t<div class=\"elementor-background-overlay\"><\/div>\n\t\t\t\t\t\t\t<div class=\"elementor-container elementor-column-gap-default\">\n\t\t\t\t\t<div class=\"elementor-column elementor-col-100 elementor-top-column elementor-element elementor-element-25153402\" data-id=\"25153402\" data-element_type=\"column\" data-e-type=\"column\">\n\t\t\t<div class=\"elementor-widget-wrap elementor-element-populated\">\n\t\t\t\t\t\t<div class=\"elementor-element elementor-element-7ea936c9 elementor-widget elementor-widget-heading\" data-id=\"7ea936c9\" data-element_type=\"widget\" data-e-type=\"widget\" data-widget_type=\"heading.default\">\n\t\t\t\t<div class=\"elementor-widget-container\">\n\t\t\t\t\t<h1 class=\"elementor-heading-title elementor-size-default\">Dicht bij jou<\/h1>\t\t\t\t<\/div>\n\t\t\t\t<\/div>\n\t\t\t\t<div class=\"elementor-element elementor-element-1c855fdc elementor-widget__width-auto elementor-widget elementor-widget-button\" data-id=\"1c855fdc\" data-element_type=\"widget\" data-e-type=\"widget\" data-widget_type=\"button.default\">\n\t\t\t\t<div class=\"elementor-widget-container\">\n\t\t\t\t\t\t\t\t\t<div class=\"elementor-button-wrapper\">\n\t\t\t\t\t<a class=\"elementor-button elementor-button-link elementor-size-sm\" href=\"#\">\n\t\t\t\t\t\t<span class=\"elementor-button-content-wrapper\">\n\t\t\t\t\t\t<span class=\"elementor-button-icon\">\n\t\t\t\t<i aria-hidden=\"true\" class=\"fas fa-home\"><\/i>\t\t\t<\/span>\n\t\t\t\t\t\t\t\t\t<span class=\"elementor-button-text\">Receptie<\/span>\n\t\t\t\t\t<\/span>\n\t\t\t\t\t<\/a>\n\t\t\t\t<\/div>\n\t\t\t\t\t\t\t\t<\/div>\n\t\t\t\t<\/div>\n\t\t\t\t<div class=\"elementor-element elementor-element-40bf85ef elementor-widget__width-auto elementor-widget elementor-widget-text-editor\" data-id=\"40bf85ef\" data-element_type=\"widget\" data-e-type=\"widget\" data-widget_type=\"text-editor.default\">\n\t\t\t\t<div class=\"elementor-widget-container\">\n\t\t\t\t\t\t\t\t\t<p>\/<\/p>\t\t\t\t\t\t\t\t<\/div>\n\t\t\t\t<\/div>\n\t\t\t\t<div class=\"elementor-element elementor-element-57416593 elementor-widget__width-auto elementor-widget elementor-widget-button\" data-id=\"57416593\" data-element_type=\"widget\" data-e-type=\"widget\" data-widget_type=\"button.default\">\n\t\t\t\t<div class=\"elementor-widget-container\">\n\t\t\t\t\t\t\t\t\t<div class=\"elementor-button-wrapper\">\n\t\t\t\t\t<a class=\"elementor-button elementor-button-link elementor-size-sm\" href=\"#\">\n\t\t\t\t\t\t<span class=\"elementor-button-content-wrapper\">\n\t\t\t\t\t\t\t\t\t<span class=\"elementor-button-text\">Dicht bij jou<\/span>\n\t\t\t\t\t<\/span>\n\t\t\t\t\t<\/a>\n\t\t\t\t<\/div>\n\t\t\t\t\t\t\t\t<\/div>\n\t\t\t\t<\/div>\n\t\t\t\t\t<\/div>\n\t\t<\/div>\n\t\t\t\t\t<\/div>\n\t\t<\/section>\n\t\t\t\t<section class=\"elementor-section elementor-top-section elementor-element elementor-element-3328a9d2 elementor-section-boxed elementor-section-height-default elementor-section-height-default\" data-id=\"3328a9d2\" data-element_type=\"section\" data-e-type=\"section\">\n\t\t\t\t\t\t<div class=\"elementor-container elementor-column-gap-default\">\n\t\t\t\t\t<div class=\"elementor-column elementor-col-100 elementor-top-column elementor-element elementor-element-2d991097\" data-id=\"2d991097\" data-element_type=\"column\" data-e-type=\"column\">\n\t\t\t<div class=\"elementor-widget-wrap elementor-element-populated\">\n\t\t\t\t\t\t<div class=\"elementor-element elementor-element-7180573c elementor-widget elementor-widget-heading\" data-id=\"7180573c\" data-element_type=\"widget\" data-e-type=\"widget\" data-widget_type=\"heading.default\">\n\t\t\t\t<div class=\"elementor-widget-container\">\n\t\t\t\t\t<h2 class=\"elementor-heading-title elementor-size-default\">EENVOUD &amp; EFFICI\u00cbNTIE<\/h2>\t\t\t\t<\/div>\n\t\t\t\t<\/div>\n\t\t\t\t<div class=\"elementor-element elementor-element-29d9b8b1 elementor-widget-divider--view-line elementor-widget elementor-widget-divider\" data-id=\"29d9b8b1\" data-element_type=\"widget\" data-e-type=\"widget\" data-widget_type=\"divider.default\">\n\t\t\t\t<div class=\"elementor-widget-container\">\n\t\t\t\t\t\t\t<div class=\"elementor-divider\">\n\t\t\t<span class=\"elementor-divider-separator\">\n\t\t\t\t\t\t<\/span>\n\t\t<\/div>\n\t\t\t\t\t\t<\/div>\n\t\t\t\t<\/div>\n\t\t\t\t<div class=\"elementor-element elementor-element-e3c355e elementor-widget elementor-widget-image\" data-id=\"e3c355e\" data-element_type=\"widget\" data-e-type=\"widget\" data-widget_type=\"image.default\">\n\t\t\t\t<div class=\"elementor-widget-container\">\n\t\t\t\t\t\t\t\t\t\t\t\t\t\t\t<img fetchpriority=\"high\" decoding=\"async\" width=\"400\" height=\"225\" src=\"https:\/\/taupegreen.com\/wp-content\/uploads\/2024\/03\/unnamed-3-1.jpg\" class=\"attachment-large size-large wp-image-7501\" alt=\"\" \/>\t\t\t\t\t\t\t\t\t\t\t\t\t\t\t<\/div>\n\t\t\t\t<\/div>\n\t\t\t\t<div class=\"elementor-element elementor-element-d281c5d elementor-widget elementor-widget-text-editor\" data-id=\"d281c5d\" data-element_type=\"widget\" data-e-type=\"widget\" data-widget_type=\"text-editor.default\">\n\t\t\t\t<div class=\"elementor-widget-container\">\n\t\t\t\t\t\t\t\t\t<p><b>30 MOLBOMEN <\/b><span style=\"font-weight: 400;\">in Frankrijk, Belgi\u00eb, Zwitserland en Canada<\/span><\/p><p><b>ONE NUMBER, <\/b>neem contact op met J\u00e9r\u00f4me Dormion via<b> 06 64 86 32 48<\/b><\/p><p>Onze gekwalificeerde en goedgekeurde mole-makers zetten zich in om zo snel mogelijk in te grijpen, of u nu individu of professional bent.<\/p>\t\t\t\t\t\t\t\t<\/div>\n\t\t\t\t<\/div>\n\t\t\t\t\t<\/div>\n\t\t<\/div>\n\t\t\t\t\t<\/div>\n\t\t<\/section>\n\t\t\t\t<\/div>\n\t\t","protected":false},"excerpt":{"rendered":"<p>Dicht bij jou Receptie \/ Dicht bij jou EENVOUD &amp; EFFICI\u00cbNTIE 30 MOLBOMEN in Frankrijk, Belgi\u00eb, Zwitserland en Canada ONE NUMBER, neem contact op met J\u00e9r\u00f4me Dormion via 06 64 86 32 48 Onze gekwalificeerde en goedgekeurde mole-makers zetten zich in om zo snel mogelijk in te grijpen, of u nu individu of professional bent.<\/p>\n","protected":false},"author":1,"featured_media":0,"parent":0,"menu_order":0,"comment_status":"closed","ping_status":"closed","template":"elementor_header_footer","meta":{"footnotes":""},"class_list":["post-7341","page","type-page","status-publish","hentry"],"yoast_head":"<!-- This site is optimized with the Yoast SEO plugin v27.3 - https:\/\/yoast.com\/product\/yoast-seo-wordpress\/ -->\n<title>Dicht bij jou - Taup&#039; Green<\/title>\n<meta name=\"robots\" content=\"index, follow, max-snippet:-1, max-image-preview:large, max-video-preview:-1\" \/>\n<link rel=\"canonical\" href=\"https:\/\/taupegreen.com\/nl\/dicht-bij-jou\/\" \/>\n<meta property=\"og:locale\" content=\"nl_NL\" \/>\n<meta property=\"og:type\" content=\"article\" \/>\n<meta property=\"og:title\" content=\"Dicht bij jou - Taup&#039; Green\" \/>\n<meta property=\"og:description\" content=\"Dicht bij jou Receptie \/ Dicht bij jou EENVOUD &amp; EFFICI\u00cbNTIE 30 MOLBOMEN in Frankrijk, Belgi\u00eb, Zwitserland en Canada ONE NUMBER, neem contact op met J\u00e9r\u00f4me Dormion via 06 64 86 32 48 Onze gekwalificeerde en goedgekeurde mole-makers zetten zich in om zo snel mogelijk in te grijpen, of u nu individu of professional bent.\" \/>\n<meta property=\"og:url\" content=\"https:\/\/taupegreen.com\/nl\/dicht-bij-jou\/\" \/>\n<meta property=\"og:site_name\" content=\"Taup&#039; Green\" \/>\n<meta property=\"article:modified_time\" content=\"2025-12-08T12:09:47+00:00\" \/>\n<meta property=\"og:image\" content=\"https:\/\/taupegreen.com\/wp-content\/uploads\/2024\/03\/unnamed-3-1.jpg\" \/>\n\t<meta property=\"og:image:width\" content=\"400\" \/>\n\t<meta property=\"og:image:height\" content=\"225\" \/>\n\t<meta property=\"og:image:type\" content=\"image\/jpeg\" \/>\n<meta name=\"twitter:card\" content=\"summary_large_image\" \/>\n<script type=\"application\/ld+json\" class=\"yoast-schema-graph\">{\"@context\":\"https:\\\/\\\/schema.org\",\"@graph\":[{\"@type\":\"WebPage\",\"@id\":\"https:\\\/\\\/taupegreen.com\\\/nl\\\/dicht-bij-jou\\\/\",\"url\":\"https:\\\/\\\/taupegreen.com\\\/nl\\\/dicht-bij-jou\\\/\",\"name\":\"Dicht bij jou - Taup&#039; Green\",\"isPartOf\":{\"@id\":\"https:\\\/\\\/taupegreen.com\\\/nl\\\/#website\"},\"primaryImageOfPage\":{\"@id\":\"https:\\\/\\\/taupegreen.com\\\/nl\\\/dicht-bij-jou\\\/#primaryimage\"},\"image\":{\"@id\":\"https:\\\/\\\/taupegreen.com\\\/nl\\\/dicht-bij-jou\\\/#primaryimage\"},\"thumbnailUrl\":\"https:\\\/\\\/taupegreen.com\\\/wp-content\\\/uploads\\\/2024\\\/03\\\/unnamed-3-1.jpg\",\"datePublished\":\"2024-03-25T15:03:17+00:00\",\"dateModified\":\"2025-12-08T12:09:47+00:00\",\"breadcrumb\":{\"@id\":\"https:\\\/\\\/taupegreen.com\\\/nl\\\/dicht-bij-jou\\\/#breadcrumb\"},\"inLanguage\":\"nl-NL\",\"potentialAction\":[{\"@type\":\"ReadAction\",\"target\":[\"https:\\\/\\\/taupegreen.com\\\/nl\\\/dicht-bij-jou\\\/\"]}]},{\"@type\":\"ImageObject\",\"inLanguage\":\"nl-NL\",\"@id\":\"https:\\\/\\\/taupegreen.com\\\/nl\\\/dicht-bij-jou\\\/#primaryimage\",\"url\":\"https:\\\/\\\/taupegreen.com\\\/wp-content\\\/uploads\\\/2024\\\/03\\\/unnamed-3-1.jpg\",\"contentUrl\":\"https:\\\/\\\/taupegreen.com\\\/wp-content\\\/uploads\\\/2024\\\/03\\\/unnamed-3-1.jpg\"},{\"@type\":\"BreadcrumbList\",\"@id\":\"https:\\\/\\\/taupegreen.com\\\/nl\\\/dicht-bij-jou\\\/#breadcrumb\",\"itemListElement\":[{\"@type\":\"ListItem\",\"position\":1,\"name\":\"Accueil\",\"item\":\"https:\\\/\\\/taupegreen.com\\\/nl\\\/\"},{\"@type\":\"ListItem\",\"position\":2,\"name\":\"Dicht bij jou\"}]},{\"@type\":\"WebSite\",\"@id\":\"https:\\\/\\\/taupegreen.com\\\/nl\\\/#website\",\"url\":\"https:\\\/\\\/taupegreen.com\\\/nl\\\/\",\"name\":\"Taup&#039; Green\",\"description\":\"1er r\u00e9seau de taupiers en France\",\"publisher\":{\"@id\":\"https:\\\/\\\/taupegreen.com\\\/nl\\\/#organization\"},\"potentialAction\":[{\"@type\":\"SearchAction\",\"target\":{\"@type\":\"EntryPoint\",\"urlTemplate\":\"https:\\\/\\\/taupegreen.com\\\/nl\\\/?s={search_term_string}\"},\"query-input\":{\"@type\":\"PropertyValueSpecification\",\"valueRequired\":true,\"valueName\":\"search_term_string\"}}],\"inLanguage\":\"nl-NL\"},{\"@type\":\"Organization\",\"@id\":\"https:\\\/\\\/taupegreen.com\\\/nl\\\/#organization\",\"name\":\"Taup&#039; Green\",\"url\":\"https:\\\/\\\/taupegreen.com\\\/nl\\\/\",\"logo\":{\"@type\":\"ImageObject\",\"inLanguage\":\"nl-NL\",\"@id\":\"https:\\\/\\\/taupegreen.com\\\/nl\\\/#\\\/schema\\\/logo\\\/image\\\/\",\"url\":\"https:\\\/\\\/taupegreen.com\\\/wp-content\\\/uploads\\\/2024\\\/03\\\/cropped-Logo.png\",\"contentUrl\":\"https:\\\/\\\/taupegreen.com\\\/wp-content\\\/uploads\\\/2024\\\/03\\\/cropped-Logo.png\",\"width\":225,\"height\":169,\"caption\":\"Taup&#039; Green\"},\"image\":{\"@id\":\"https:\\\/\\\/taupegreen.com\\\/nl\\\/#\\\/schema\\\/logo\\\/image\\\/\"}}]}<\/script>\n<!-- \/ Yoast SEO plugin. -->","yoast_head_json":{"title":"Dicht bij jou - Taup&#039; Green","robots":{"index":"index","follow":"follow","max-snippet":"max-snippet:-1","max-image-preview":"max-image-preview:large","max-video-preview":"max-video-preview:-1"},"canonical":"https:\/\/taupegreen.com\/nl\/dicht-bij-jou\/","og_locale":"nl_NL","og_type":"article","og_title":"Dicht bij jou - Taup&#039; Green","og_description":"Dicht bij jou Receptie \/ Dicht bij jou EENVOUD &amp; EFFICI\u00cbNTIE 30 MOLBOMEN in Frankrijk, Belgi\u00eb, Zwitserland en Canada ONE NUMBER, neem contact op met J\u00e9r\u00f4me Dormion via 06 64 86 32 48 Onze gekwalificeerde en goedgekeurde mole-makers zetten zich in om zo snel mogelijk in te grijpen, of u nu individu of professional bent.","og_url":"https:\/\/taupegreen.com\/nl\/dicht-bij-jou\/","og_site_name":"Taup&#039; Green","article_modified_time":"2025-12-08T12:09:47+00:00","og_image":[{"width":400,"height":225,"url":"https:\/\/taupegreen.com\/wp-content\/uploads\/2024\/03\/unnamed-3-1.jpg","type":"image\/jpeg"}],"twitter_card":"summary_large_image","schema":{"@context":"https:\/\/schema.org","@graph":[{"@type":"WebPage","@id":"https:\/\/taupegreen.com\/nl\/dicht-bij-jou\/","url":"https:\/\/taupegreen.com\/nl\/dicht-bij-jou\/","name":"Dicht bij jou - Taup&#039; Green","isPartOf":{"@id":"https:\/\/taupegreen.com\/nl\/#website"},"primaryImageOfPage":{"@id":"https:\/\/taupegreen.com\/nl\/dicht-bij-jou\/#primaryimage"},"image":{"@id":"https:\/\/taupegreen.com\/nl\/dicht-bij-jou\/#primaryimage"},"thumbnailUrl":"https:\/\/taupegreen.com\/wp-content\/uploads\/2024\/03\/unnamed-3-1.jpg","datePublished":"2024-03-25T15:03:17+00:00","dateModified":"2025-12-08T12:09:47+00:00","breadcrumb":{"@id":"https:\/\/taupegreen.com\/nl\/dicht-bij-jou\/#breadcrumb"},"inLanguage":"nl-NL","potentialAction":[{"@type":"ReadAction","target":["https:\/\/taupegreen.com\/nl\/dicht-bij-jou\/"]}]},{"@type":"ImageObject","inLanguage":"nl-NL","@id":"https:\/\/taupegreen.com\/nl\/dicht-bij-jou\/#primaryimage","url":"https:\/\/taupegreen.com\/wp-content\/uploads\/2024\/03\/unnamed-3-1.jpg","contentUrl":"https:\/\/taupegreen.com\/wp-content\/uploads\/2024\/03\/unnamed-3-1.jpg"},{"@type":"BreadcrumbList","@id":"https:\/\/taupegreen.com\/nl\/dicht-bij-jou\/#breadcrumb","itemListElement":[{"@type":"ListItem","position":1,"name":"Accueil","item":"https:\/\/taupegreen.com\/nl\/"},{"@type":"ListItem","position":2,"name":"Dicht bij jou"}]},{"@type":"WebSite","@id":"https:\/\/taupegreen.com\/nl\/#website","url":"https:\/\/taupegreen.com\/nl\/","name":"Taup&#039; Green","description":"1er r\u00e9seau de taupiers en France","publisher":{"@id":"https:\/\/taupegreen.com\/nl\/#organization"},"potentialAction":[{"@type":"SearchAction","target":{"@type":"EntryPoint","urlTemplate":"https:\/\/taupegreen.com\/nl\/?s={search_term_string}"},"query-input":{"@type":"PropertyValueSpecification","valueRequired":true,"valueName":"search_term_string"}}],"inLanguage":"nl-NL"},{"@type":"Organization","@id":"https:\/\/taupegreen.com\/nl\/#organization","name":"Taup&#039; Green","url":"https:\/\/taupegreen.com\/nl\/","logo":{"@type":"ImageObject","inLanguage":"nl-NL","@id":"https:\/\/taupegreen.com\/nl\/#\/schema\/logo\/image\/","url":"https:\/\/taupegreen.com\/wp-content\/uploads\/2024\/03\/cropped-Logo.png","contentUrl":"https:\/\/taupegreen.com\/wp-content\/uploads\/2024\/03\/cropped-Logo.png","width":225,"height":169,"caption":"Taup&#039; Green"},"image":{"@id":"https:\/\/taupegreen.com\/nl\/#\/schema\/logo\/image\/"}}]}},"_links":{"self":[{"href":"https:\/\/taupegreen.com\/nl\/wp-json\/wp\/v2\/pages\/7341","targetHints":{"allow":["GET"]}}],"collection":[{"href":"https:\/\/taupegreen.com\/nl\/wp-json\/wp\/v2\/pages"}],"about":[{"href":"https:\/\/taupegreen.com\/nl\/wp-json\/wp\/v2\/types\/page"}],"author":[{"embeddable":true,"href":"https:\/\/taupegreen.com\/nl\/wp-json\/wp\/v2\/users\/1"}],"replies":[{"embeddable":true,"href":"https:\/\/taupegreen.com\/nl\/wp-json\/wp\/v2\/comments?post=7341"}],"version-history":[{"count":1,"href":"https:\/\/taupegreen.com\/nl\/wp-json\/wp\/v2\/pages\/7341\/revisions"}],"predecessor-version":[{"id":7342,"href":"https:\/\/taupegreen.com\/nl\/wp-json\/wp\/v2\/pages\/7341\/revisions\/7342"}],"wp:attachment":[{"href":"https:\/\/taupegreen.com\/nl\/wp-json\/wp\/v2\/media?parent=7341"}],"curies":[{"name":"wp","href":"https:\/\/api.w.org\/{rel}","templated":true}]}}