{"id":7663,"date":"2026-02-11T07:58:04","date_gmt":"2026-02-11T07:58:04","guid":{"rendered":"https:\/\/taupegreen.com\/?post_type=product&#038;p=7663"},"modified":"2026-03-31T16:27:09","modified_gmt":"2026-03-31T16:27:09","slug":"vous-avez-moins-100-taupinieres","status":"publish","type":"product","link":"https:\/\/taupegreen.com\/en\/product\/vous-avez-moins-100-taupinieres\/","title":{"rendered":"Vous avez moins de 100 taupini\u00e8res"},"content":{"rendered":"<p>Ce kit anti-taupes est sp\u00e9cialement con\u00e7u pour les terrains pr\u00e9sentant moins de 100 taupini\u00e8res.<\/p>\n<p><strong>VOUS AVEZ MOINS de 100 TAUPINIERES<\/strong> (monticules de terre)<\/p>\n<ul>\n<li><strong>4 pi\u00e8ges<\/strong> \u00e0 taupe Putanges d\u00e9j\u00e0 rouill\u00e9s<\/li>\n<li>1 livre\u00a0: le pi\u00e9geage traditionnel des taupes (Ulmer)<\/li>\n<li>10 carr\u00e9s de mise sous tension<\/li>\n<li>1 pince pour ouvrir le pi\u00e8ge<\/li>\n<li>1 paire de gants pro<\/li>\n<li>4 piquets fluo<\/li>\n<\/ul>\n","protected":false},"excerpt":{"rendered":"<p>Ce kit anti-taupes est sp\u00e9cialement con\u00e7u pour les terrains pr\u00e9sentant moins de 100 taupini\u00e8res. Il comprend 4 pi\u00e8ges \u00e0 taupe Putanges d\u00e9j\u00e0 rouill\u00e9s pour une meilleure efficacit\u00e9, un livre de r\u00e9f\u00e9rence des \u00c9ditions Ulmer sur le pi\u00e9geage traditionnel, ainsi que tous les accessoires indispensables : carr\u00e9s de mise sous tension, pince d\u2019ouverture, gants professionnels et piquets fluo. Une solution compl\u00e8te et pratique pour permettre aux particuliers de pi\u00e9ger les taupes de mani\u00e8re autonome et m\u00e9thodique.<\/p>\n","protected":false},"featured_media":8652,"comment_status":"closed","ping_status":"closed","template":"","meta":[],"product_brand":[],"product_cat":[114,68],"product_tag":[112],"class_list":{"0":"post-7663","1":"product","2":"type-product","3":"status-publish","4":"has-post-thumbnail","6":"product_cat-kit-anti-taupes","7":"product_cat-produits","8":"product_tag-kit-anti-taupes","9":"product_shipping_class-kit-anti-taupes","11":"first","12":"instock","13":"taxable","14":"shipping-taxable","15":"purchasable","16":"product-type-simple"},"yoast_head":"<!-- This site is optimized with the Yoast SEO plugin v27.3 - https:\/\/yoast.com\/product\/yoast-seo-wordpress\/ -->\n<title>Kit Anti-Taupes Moins de 100 Taupini\u00e8res<\/title>\n<meta name=\"description\" content=\"Kit anti-taupes complet pour moins de 100 taupini\u00e8res : 4 pi\u00e8ges Putanges rouill\u00e9s, accessoires professionnels et livre Ulmer pour un pi\u00e9geage efficace.\" \/>\n<meta name=\"robots\" content=\"index, follow, max-snippet:-1, max-image-preview:large, max-video-preview:-1\" \/>\n<link rel=\"canonical\" href=\"https:\/\/taupegreen.com\/en\/product\/vous-avez-moins-100-taupinieres\/\" \/>\n<meta property=\"og:locale\" content=\"en_US\" \/>\n<meta property=\"og:type\" content=\"article\" \/>\n<meta property=\"og:title\" content=\"Kit Anti-Taupes Moins de 100 Taupini\u00e8res\" \/>\n<meta property=\"og:description\" content=\"Kit anti-taupes complet pour moins de 100 taupini\u00e8res : 4 pi\u00e8ges Putanges rouill\u00e9s, accessoires professionnels et livre Ulmer pour un pi\u00e9geage efficace.\" \/>\n<meta property=\"og:url\" content=\"https:\/\/taupegreen.com\/en\/product\/vous-avez-moins-100-taupinieres\/\" \/>\n<meta property=\"og:site_name\" content=\"Taup&#039; Green\" \/>\n<meta property=\"article:modified_time\" content=\"2026-03-31T16:27:09+00:00\" \/>\n<meta property=\"og:image\" content=\"https:\/\/taupegreen.com\/wp-content\/uploads\/2026\/03\/Kit-4-pieges-1-scaled-e1774974405198.jpg\" \/>\n\t<meta property=\"og:image:width\" content=\"2560\" \/>\n\t<meta property=\"og:image:height\" content=\"1920\" \/>\n\t<meta property=\"og:image:type\" content=\"image\/jpeg\" \/>\n<meta name=\"twitter:card\" content=\"summary_large_image\" \/>\n<meta name=\"twitter:label1\" content=\"Est. reading time\" \/>\n\t<meta name=\"twitter:data1\" content=\"1 minute\" \/>\n<script type=\"application\/ld+json\" class=\"yoast-schema-graph\">{\"@context\":\"https:\\\/\\\/schema.org\",\"@graph\":[{\"@type\":\"WebPage\",\"@id\":\"https:\\\/\\\/taupegreen.com\\\/en\\\/product\\\/vous-avez-moins-100-taupinieres\\\/\",\"url\":\"https:\\\/\\\/taupegreen.com\\\/en\\\/product\\\/vous-avez-moins-100-taupinieres\\\/\",\"name\":\"Kit Anti-Taupes Moins de 100 Taupini\u00e8res\",\"isPartOf\":{\"@id\":\"https:\\\/\\\/taupegreen.com\\\/en\\\/#website\"},\"primaryImageOfPage\":{\"@id\":\"https:\\\/\\\/taupegreen.com\\\/en\\\/product\\\/vous-avez-moins-100-taupinieres\\\/#primaryimage\"},\"image\":{\"@id\":\"https:\\\/\\\/taupegreen.com\\\/en\\\/product\\\/vous-avez-moins-100-taupinieres\\\/#primaryimage\"},\"thumbnailUrl\":\"https:\\\/\\\/taupegreen.com\\\/wp-content\\\/uploads\\\/2026\\\/03\\\/Kit-4-pieges-1-scaled-e1774974405198.jpg\",\"datePublished\":\"2026-02-11T07:58:04+00:00\",\"dateModified\":\"2026-03-31T16:27:09+00:00\",\"description\":\"Kit anti-taupes complet pour moins de 100 taupini\u00e8res : 4 pi\u00e8ges Putanges rouill\u00e9s, accessoires professionnels et livre Ulmer pour un pi\u00e9geage efficace.\",\"breadcrumb\":{\"@id\":\"https:\\\/\\\/taupegreen.com\\\/en\\\/product\\\/vous-avez-moins-100-taupinieres\\\/#breadcrumb\"},\"inLanguage\":\"en-US\",\"potentialAction\":[{\"@type\":\"ReadAction\",\"target\":[\"https:\\\/\\\/taupegreen.com\\\/en\\\/product\\\/vous-avez-moins-100-taupinieres\\\/\"]}]},{\"@type\":\"ImageObject\",\"inLanguage\":\"en-US\",\"@id\":\"https:\\\/\\\/taupegreen.com\\\/en\\\/product\\\/vous-avez-moins-100-taupinieres\\\/#primaryimage\",\"url\":\"https:\\\/\\\/taupegreen.com\\\/wp-content\\\/uploads\\\/2026\\\/03\\\/Kit-4-pieges-1-scaled-e1774974405198.jpg\",\"contentUrl\":\"https:\\\/\\\/taupegreen.com\\\/wp-content\\\/uploads\\\/2026\\\/03\\\/Kit-4-pieges-1-scaled-e1774974405198.jpg\",\"width\":2560,\"height\":1920,\"caption\":\"Taupes pieges\"},{\"@type\":\"BreadcrumbList\",\"@id\":\"https:\\\/\\\/taupegreen.com\\\/en\\\/product\\\/vous-avez-moins-100-taupinieres\\\/#breadcrumb\",\"itemListElement\":[{\"@type\":\"ListItem\",\"position\":1,\"name\":\"Accueil\",\"item\":\"https:\\\/\\\/taupegreen.com\\\/en\\\/home\\\/\"},{\"@type\":\"ListItem\",\"position\":2,\"name\":\"Vous avez moins de 100 taupini\u00e8res\"}]},{\"@type\":\"WebSite\",\"@id\":\"https:\\\/\\\/taupegreen.com\\\/en\\\/#website\",\"url\":\"https:\\\/\\\/taupegreen.com\\\/en\\\/\",\"name\":\"Taup&#039; Green\",\"description\":\"1er r\u00e9seau de taupiers en France\",\"publisher\":{\"@id\":\"https:\\\/\\\/taupegreen.com\\\/en\\\/#organization\"},\"potentialAction\":[{\"@type\":\"SearchAction\",\"target\":{\"@type\":\"EntryPoint\",\"urlTemplate\":\"https:\\\/\\\/taupegreen.com\\\/en\\\/?s={search_term_string}\"},\"query-input\":{\"@type\":\"PropertyValueSpecification\",\"valueRequired\":true,\"valueName\":\"search_term_string\"}}],\"inLanguage\":\"en-US\"},{\"@type\":\"Organization\",\"@id\":\"https:\\\/\\\/taupegreen.com\\\/en\\\/#organization\",\"name\":\"Taup&#039; Green\",\"url\":\"https:\\\/\\\/taupegreen.com\\\/en\\\/\",\"logo\":{\"@type\":\"ImageObject\",\"inLanguage\":\"en-US\",\"@id\":\"https:\\\/\\\/taupegreen.com\\\/en\\\/#\\\/schema\\\/logo\\\/image\\\/\",\"url\":\"https:\\\/\\\/taupegreen.com\\\/wp-content\\\/uploads\\\/2024\\\/03\\\/cropped-Logo.png\",\"contentUrl\":\"https:\\\/\\\/taupegreen.com\\\/wp-content\\\/uploads\\\/2024\\\/03\\\/cropped-Logo.png\",\"width\":225,\"height\":169,\"caption\":\"Taup&#039; Green\"},\"image\":{\"@id\":\"https:\\\/\\\/taupegreen.com\\\/en\\\/#\\\/schema\\\/logo\\\/image\\\/\"}}]}<\/script>\n<!-- \/ Yoast SEO plugin. -->","yoast_head_json":{"title":"Kit Anti-Taupes Moins de 100 Taupini\u00e8res","description":"Kit anti-taupes complet pour moins de 100 taupini\u00e8res : 4 pi\u00e8ges Putanges rouill\u00e9s, accessoires professionnels et livre Ulmer pour un pi\u00e9geage efficace.","robots":{"index":"index","follow":"follow","max-snippet":"max-snippet:-1","max-image-preview":"max-image-preview:large","max-video-preview":"max-video-preview:-1"},"canonical":"https:\/\/taupegreen.com\/en\/product\/vous-avez-moins-100-taupinieres\/","og_locale":"en_US","og_type":"article","og_title":"Kit Anti-Taupes Moins de 100 Taupini\u00e8res","og_description":"Kit anti-taupes complet pour moins de 100 taupini\u00e8res : 4 pi\u00e8ges Putanges rouill\u00e9s, accessoires professionnels et livre Ulmer pour un pi\u00e9geage efficace.","og_url":"https:\/\/taupegreen.com\/en\/product\/vous-avez-moins-100-taupinieres\/","og_site_name":"Taup&#039; Green","article_modified_time":"2026-03-31T16:27:09+00:00","og_image":[{"width":2560,"height":1920,"url":"https:\/\/taupegreen.com\/wp-content\/uploads\/2026\/03\/Kit-4-pieges-1-scaled-e1774974405198.jpg","type":"image\/jpeg"}],"twitter_card":"summary_large_image","twitter_misc":{"Est. reading time":"1 minute"},"schema":{"@context":"https:\/\/schema.org","@graph":[{"@type":"WebPage","@id":"https:\/\/taupegreen.com\/en\/product\/vous-avez-moins-100-taupinieres\/","url":"https:\/\/taupegreen.com\/en\/product\/vous-avez-moins-100-taupinieres\/","name":"Kit Anti-Taupes Moins de 100 Taupini\u00e8res","isPartOf":{"@id":"https:\/\/taupegreen.com\/en\/#website"},"primaryImageOfPage":{"@id":"https:\/\/taupegreen.com\/en\/product\/vous-avez-moins-100-taupinieres\/#primaryimage"},"image":{"@id":"https:\/\/taupegreen.com\/en\/product\/vous-avez-moins-100-taupinieres\/#primaryimage"},"thumbnailUrl":"https:\/\/taupegreen.com\/wp-content\/uploads\/2026\/03\/Kit-4-pieges-1-scaled-e1774974405198.jpg","datePublished":"2026-02-11T07:58:04+00:00","dateModified":"2026-03-31T16:27:09+00:00","description":"Kit anti-taupes complet pour moins de 100 taupini\u00e8res : 4 pi\u00e8ges Putanges rouill\u00e9s, accessoires professionnels et livre Ulmer pour un pi\u00e9geage efficace.","breadcrumb":{"@id":"https:\/\/taupegreen.com\/en\/product\/vous-avez-moins-100-taupinieres\/#breadcrumb"},"inLanguage":"en-US","potentialAction":[{"@type":"ReadAction","target":["https:\/\/taupegreen.com\/en\/product\/vous-avez-moins-100-taupinieres\/"]}]},{"@type":"ImageObject","inLanguage":"en-US","@id":"https:\/\/taupegreen.com\/en\/product\/vous-avez-moins-100-taupinieres\/#primaryimage","url":"https:\/\/taupegreen.com\/wp-content\/uploads\/2026\/03\/Kit-4-pieges-1-scaled-e1774974405198.jpg","contentUrl":"https:\/\/taupegreen.com\/wp-content\/uploads\/2026\/03\/Kit-4-pieges-1-scaled-e1774974405198.jpg","width":2560,"height":1920,"caption":"Taupes pieges"},{"@type":"BreadcrumbList","@id":"https:\/\/taupegreen.com\/en\/product\/vous-avez-moins-100-taupinieres\/#breadcrumb","itemListElement":[{"@type":"ListItem","position":1,"name":"Accueil","item":"https:\/\/taupegreen.com\/en\/home\/"},{"@type":"ListItem","position":2,"name":"Vous avez moins de 100 taupini\u00e8res"}]},{"@type":"WebSite","@id":"https:\/\/taupegreen.com\/en\/#website","url":"https:\/\/taupegreen.com\/en\/","name":"Taup&#039; Green","description":"1er r\u00e9seau de taupiers en France","publisher":{"@id":"https:\/\/taupegreen.com\/en\/#organization"},"potentialAction":[{"@type":"SearchAction","target":{"@type":"EntryPoint","urlTemplate":"https:\/\/taupegreen.com\/en\/?s={search_term_string}"},"query-input":{"@type":"PropertyValueSpecification","valueRequired":true,"valueName":"search_term_string"}}],"inLanguage":"en-US"},{"@type":"Organization","@id":"https:\/\/taupegreen.com\/en\/#organization","name":"Taup&#039; Green","url":"https:\/\/taupegreen.com\/en\/","logo":{"@type":"ImageObject","inLanguage":"en-US","@id":"https:\/\/taupegreen.com\/en\/#\/schema\/logo\/image\/","url":"https:\/\/taupegreen.com\/wp-content\/uploads\/2024\/03\/cropped-Logo.png","contentUrl":"https:\/\/taupegreen.com\/wp-content\/uploads\/2024\/03\/cropped-Logo.png","width":225,"height":169,"caption":"Taup&#039; Green"},"image":{"@id":"https:\/\/taupegreen.com\/en\/#\/schema\/logo\/image\/"}}]}},"_links":{"self":[{"href":"https:\/\/taupegreen.com\/en\/wp-json\/wp\/v2\/product\/7663","targetHints":{"allow":["GET"]}}],"collection":[{"href":"https:\/\/taupegreen.com\/en\/wp-json\/wp\/v2\/product"}],"about":[{"href":"https:\/\/taupegreen.com\/en\/wp-json\/wp\/v2\/types\/product"}],"replies":[{"embeddable":true,"href":"https:\/\/taupegreen.com\/en\/wp-json\/wp\/v2\/comments?post=7663"}],"wp:featuredmedia":[{"embeddable":true,"href":"https:\/\/taupegreen.com\/en\/wp-json\/wp\/v2\/media\/8652"}],"wp:attachment":[{"href":"https:\/\/taupegreen.com\/en\/wp-json\/wp\/v2\/media?parent=7663"}],"wp:term":[{"taxonomy":"product_brand","embeddable":true,"href":"https:\/\/taupegreen.com\/en\/wp-json\/wp\/v2\/product_brand?post=7663"},{"taxonomy":"product_cat","embeddable":true,"href":"https:\/\/taupegreen.com\/en\/wp-json\/wp\/v2\/product_cat?post=7663"},{"taxonomy":"product_tag","embeddable":true,"href":"https:\/\/taupegreen.com\/en\/wp-json\/wp\/v2\/product_tag?post=7663"}],"curies":[{"name":"wp","href":"https:\/\/api.w.org\/{rel}","templated":true}]}}