{"id":6309,"date":"2024-03-27T08:02:20","date_gmt":"2024-03-27T08:02:20","guid":{"rendered":"https:\/\/taupegreen.com\/?post_type=product&#038;p=6309"},"modified":"2026-03-18T09:42:25","modified_gmt":"2026-03-18T09:42:25","slug":"le-piegeage-traditionnel-des-taupes","status":"publish","type":"product","link":"https:\/\/taupegreen.com\/en\/product\/le-piegeage-traditionnel-des-taupes\/","title":{"rendered":"Livre"},"content":{"rendered":"<p><strong>Profitez de votre jardin, mais pas avec n\u2019importe qui\u00a0!<\/strong><\/p>\n<p><strong>\u00ab Le pi\u00e9geage traditionnel des taupes num\u00e9ro 1 des ventes, d\u00e9j\u00e0 vendu \u00e0 plus de 20 000 exemplaires \u00bb<\/strong><\/p>\n<p><strong>\u00a0Oui aux enfants, mais exit les taupes\u00a0!<\/strong><\/p>\n<p><img fetchpriority=\"high\" decoding=\"async\" class=\"alignnone size-full wp-image-6310\" src=\"https:\/\/taupegreen.com\/wp-content\/uploads\/2024\/03\/Boutique-enfant.jpg\" alt=\"Profitez de votre jardin, mais pas avec n\u2019importe qui ! Oui aux enfants, mais exit les taupes ! \" width=\"202\" height=\"269\" \/><\/p>\n<p><strong><span style=\"vertical-align: inherit;\"><span style=\"vertical-align: inherit;\">Tope-la<\/span><\/span><\/strong><\/p>\n<p>Elle a souffl\u00e9 si fort que ce n\u2019est pas le toit de votre maison qu\u2019elle a fait s\u2019envoler, mais l\u2019harmonie de votre jardin\u00a0!<\/p>\n<p>On a presque envie de l\u2019excuser de la plaindre cette pauvre petite b\u00eate (qui peut soulever jusqu\u2019\u00e0 vingt fois son poids\u00a0!)\u00a0: elle vit sous terre, elle n\u2019y voit goutte\u00a0! Oui, mais la taupe a la folie des grandeurs et si vous ne l\u2019arr\u00eatez pas, elle multipliera les galeries entra\u00eenant la fragilit\u00e9 du sol et bien d\u2019autres probl\u00e8mes encore avec les maudites taupini\u00e8res.<\/p>\n<p>Apr\u00e8s avoir pr\u00e9sent\u00e9 les diff\u00e9rentes techniques existantes (r\u00e9pulsifs, cartouches fumig\u00e8nes, appareils explosifs type D\u00e9taupeur\u2026), J\u00e9r\u00f4me Dormion, taupier professionnel et gardien des sols du Ch\u00e2teau de Versailles dans les Yvelines, vous propose un retour \u00e0 une m\u00e9thode datant de 1799\u00a0: le pi\u00e8ge \u00e0 taupe \u00ab\u00a0Putange\u00a0\u00bb.<\/p>\n<p>Simple, \u00e9cologique, il n\u00e9cessite cependant de bien conna\u00eetre notre amie la taupe et ses habitudes.<\/p>\n<h5><strong>Pour vous aider au mieux dans cette lutte sans merci, il r\u00e9pertorie enfin un ensemble de cas pratiques, illustr\u00e9s en photos. Rira bien, qui soufflera le dernier\u00a0!<\/strong><\/h5>\n<p>&nbsp;<\/p>\n","protected":false},"excerpt":{"rendered":"<p>Profitez de votre jardin, mais pas avec n\u2019importe qui\u00a0! \u00ab Le pi\u00e9geage traditionnel des taupes num\u00e9ro 1 des ventes, d\u00e9j\u00e0 vendu \u00e0 plus de 20 000 exemplaires \u00bb \u00a0Oui aux enfants, mais exit les taupes\u00a0! Tope-la Elle a souffl\u00e9 si fort que ce n\u2019est pas le toit de votre maison qu\u2019elle a fait s\u2019envoler, mais &hellip; <a href=\"https:\/\/taupegreen.com\/en\/product\/le-piegeage-traditionnel-des-taupes\/\" class=\"more-link\">Continue reading<span class=\"screen-reader-text\"> &#8220;Livre&#8221;<\/span><\/a><\/p>\n","protected":false},"featured_media":7730,"comment_status":"closed","ping_status":"closed","template":"","meta":{"_seopress_robots_primary_cat":"0","_seopress_titles_title":"","_seopress_titles_desc":"","_seopress_robots_index":""},"product_brand":[],"product_cat":[113],"product_tag":[],"class_list":{"0":"post-6309","1":"product","2":"type-product","3":"status-publish","4":"has-post-thumbnail","6":"product_cat-livre","7":"product_shipping_class-livre","9":"first","10":"instock","11":"taxable","12":"shipping-taxable","13":"purchasable","14":"product-type-simple"},"yoast_head":"<!-- This site is optimized with the Yoast SEO plugin v27.3 - https:\/\/yoast.com\/product\/yoast-seo-wordpress\/ -->\n<title>Livre - Taup&#039; Green<\/title>\n<meta name=\"robots\" content=\"index, follow, max-snippet:-1, max-image-preview:large, max-video-preview:-1\" \/>\n<link rel=\"canonical\" href=\"https:\/\/taupegreen.com\/en\/product\/le-piegeage-traditionnel-des-taupes\/\" \/>\n<meta property=\"og:locale\" content=\"en_US\" \/>\n<meta property=\"og:type\" content=\"article\" \/>\n<meta property=\"og:title\" content=\"Livre - Taup&#039; Green\" \/>\n<meta property=\"og:description\" content=\"Profitez de votre jardin, mais pas avec n\u2019importe qui\u00a0! \u00ab Le pi\u00e9geage traditionnel des taupes num\u00e9ro 1 des ventes, d\u00e9j\u00e0 vendu \u00e0 plus de 20 000 exemplaires \u00bb \u00a0Oui aux enfants, mais exit les taupes\u00a0! Tope-la Elle a souffl\u00e9 si fort que ce n\u2019est pas le toit de votre maison qu\u2019elle a fait s\u2019envoler, mais &hellip; Continue reading &quot;Livre&quot;\" \/>\n<meta property=\"og:url\" content=\"https:\/\/taupegreen.com\/en\/product\/le-piegeage-traditionnel-des-taupes\/\" \/>\n<meta property=\"og:site_name\" content=\"Taup&#039; Green\" \/>\n<meta property=\"article:modified_time\" content=\"2026-03-18T09:42:25+00:00\" \/>\n<meta property=\"og:image\" content=\"https:\/\/taupegreen.com\/wp-content\/uploads\/2024\/03\/Design-sans-titre-45.jpg\" \/>\n\t<meta property=\"og:image:width\" content=\"500\" \/>\n\t<meta property=\"og:image:height\" content=\"500\" \/>\n\t<meta property=\"og:image:type\" content=\"image\/jpeg\" \/>\n<meta name=\"twitter:card\" content=\"summary_large_image\" \/>\n<meta name=\"twitter:label1\" content=\"Est. reading time\" \/>\n\t<meta name=\"twitter:data1\" content=\"2 minutes\" \/>\n<script type=\"application\/ld+json\" class=\"yoast-schema-graph\">{\"@context\":\"https:\\\/\\\/schema.org\",\"@graph\":[{\"@type\":\"WebPage\",\"@id\":\"https:\\\/\\\/taupegreen.com\\\/en\\\/product\\\/le-piegeage-traditionnel-des-taupes\\\/\",\"url\":\"https:\\\/\\\/taupegreen.com\\\/en\\\/product\\\/le-piegeage-traditionnel-des-taupes\\\/\",\"name\":\"Livre - Taup&#039; Green\",\"isPartOf\":{\"@id\":\"https:\\\/\\\/taupegreen.com\\\/en\\\/#website\"},\"primaryImageOfPage\":{\"@id\":\"https:\\\/\\\/taupegreen.com\\\/en\\\/product\\\/le-piegeage-traditionnel-des-taupes\\\/#primaryimage\"},\"image\":{\"@id\":\"https:\\\/\\\/taupegreen.com\\\/en\\\/product\\\/le-piegeage-traditionnel-des-taupes\\\/#primaryimage\"},\"thumbnailUrl\":\"https:\\\/\\\/taupegreen.com\\\/wp-content\\\/uploads\\\/2024\\\/03\\\/Design-sans-titre-45.jpg\",\"datePublished\":\"2024-03-27T08:02:20+00:00\",\"dateModified\":\"2026-03-18T09:42:25+00:00\",\"breadcrumb\":{\"@id\":\"https:\\\/\\\/taupegreen.com\\\/en\\\/product\\\/le-piegeage-traditionnel-des-taupes\\\/#breadcrumb\"},\"inLanguage\":\"en-US\",\"potentialAction\":[{\"@type\":\"ReadAction\",\"target\":[\"https:\\\/\\\/taupegreen.com\\\/en\\\/product\\\/le-piegeage-traditionnel-des-taupes\\\/\"]}]},{\"@type\":\"ImageObject\",\"inLanguage\":\"en-US\",\"@id\":\"https:\\\/\\\/taupegreen.com\\\/en\\\/product\\\/le-piegeage-traditionnel-des-taupes\\\/#primaryimage\",\"url\":\"https:\\\/\\\/taupegreen.com\\\/wp-content\\\/uploads\\\/2024\\\/03\\\/Design-sans-titre-45.jpg\",\"contentUrl\":\"https:\\\/\\\/taupegreen.com\\\/wp-content\\\/uploads\\\/2024\\\/03\\\/Design-sans-titre-45.jpg\",\"width\":500,\"height\":500,\"caption\":\"piegeage taupes\"},{\"@type\":\"BreadcrumbList\",\"@id\":\"https:\\\/\\\/taupegreen.com\\\/en\\\/product\\\/le-piegeage-traditionnel-des-taupes\\\/#breadcrumb\",\"itemListElement\":[{\"@type\":\"ListItem\",\"position\":1,\"name\":\"Accueil\",\"item\":\"https:\\\/\\\/taupegreen.com\\\/en\\\/home\\\/\"},{\"@type\":\"ListItem\",\"position\":2,\"name\":\"Livre\"}]},{\"@type\":\"WebSite\",\"@id\":\"https:\\\/\\\/taupegreen.com\\\/en\\\/#website\",\"url\":\"https:\\\/\\\/taupegreen.com\\\/en\\\/\",\"name\":\"Taup&#039; Green\",\"description\":\"1er r\u00e9seau de taupiers en France\",\"publisher\":{\"@id\":\"https:\\\/\\\/taupegreen.com\\\/en\\\/#organization\"},\"potentialAction\":[{\"@type\":\"SearchAction\",\"target\":{\"@type\":\"EntryPoint\",\"urlTemplate\":\"https:\\\/\\\/taupegreen.com\\\/en\\\/?s={search_term_string}\"},\"query-input\":{\"@type\":\"PropertyValueSpecification\",\"valueRequired\":true,\"valueName\":\"search_term_string\"}}],\"inLanguage\":\"en-US\"},{\"@type\":\"Organization\",\"@id\":\"https:\\\/\\\/taupegreen.com\\\/en\\\/#organization\",\"name\":\"Taup&#039; Green\",\"url\":\"https:\\\/\\\/taupegreen.com\\\/en\\\/\",\"logo\":{\"@type\":\"ImageObject\",\"inLanguage\":\"en-US\",\"@id\":\"https:\\\/\\\/taupegreen.com\\\/en\\\/#\\\/schema\\\/logo\\\/image\\\/\",\"url\":\"https:\\\/\\\/taupegreen.com\\\/wp-content\\\/uploads\\\/2024\\\/03\\\/cropped-Logo.png\",\"contentUrl\":\"https:\\\/\\\/taupegreen.com\\\/wp-content\\\/uploads\\\/2024\\\/03\\\/cropped-Logo.png\",\"width\":225,\"height\":169,\"caption\":\"Taup&#039; Green\"},\"image\":{\"@id\":\"https:\\\/\\\/taupegreen.com\\\/en\\\/#\\\/schema\\\/logo\\\/image\\\/\"}}]}<\/script>\n<!-- \/ Yoast SEO plugin. -->","yoast_head_json":{"title":"Livre - Taup&#039; Green","robots":{"index":"index","follow":"follow","max-snippet":"max-snippet:-1","max-image-preview":"max-image-preview:large","max-video-preview":"max-video-preview:-1"},"canonical":"https:\/\/taupegreen.com\/en\/product\/le-piegeage-traditionnel-des-taupes\/","og_locale":"en_US","og_type":"article","og_title":"Livre - Taup&#039; Green","og_description":"Profitez de votre jardin, mais pas avec n\u2019importe qui\u00a0! \u00ab Le pi\u00e9geage traditionnel des taupes num\u00e9ro 1 des ventes, d\u00e9j\u00e0 vendu \u00e0 plus de 20 000 exemplaires \u00bb \u00a0Oui aux enfants, mais exit les taupes\u00a0! Tope-la Elle a souffl\u00e9 si fort que ce n\u2019est pas le toit de votre maison qu\u2019elle a fait s\u2019envoler, mais &hellip; Continue reading \"Livre\"","og_url":"https:\/\/taupegreen.com\/en\/product\/le-piegeage-traditionnel-des-taupes\/","og_site_name":"Taup&#039; Green","article_modified_time":"2026-03-18T09:42:25+00:00","og_image":[{"width":500,"height":500,"url":"https:\/\/taupegreen.com\/wp-content\/uploads\/2024\/03\/Design-sans-titre-45.jpg","type":"image\/jpeg"}],"twitter_card":"summary_large_image","twitter_misc":{"Est. reading time":"2 minutes"},"schema":{"@context":"https:\/\/schema.org","@graph":[{"@type":"WebPage","@id":"https:\/\/taupegreen.com\/en\/product\/le-piegeage-traditionnel-des-taupes\/","url":"https:\/\/taupegreen.com\/en\/product\/le-piegeage-traditionnel-des-taupes\/","name":"Livre - Taup&#039; Green","isPartOf":{"@id":"https:\/\/taupegreen.com\/en\/#website"},"primaryImageOfPage":{"@id":"https:\/\/taupegreen.com\/en\/product\/le-piegeage-traditionnel-des-taupes\/#primaryimage"},"image":{"@id":"https:\/\/taupegreen.com\/en\/product\/le-piegeage-traditionnel-des-taupes\/#primaryimage"},"thumbnailUrl":"https:\/\/taupegreen.com\/wp-content\/uploads\/2024\/03\/Design-sans-titre-45.jpg","datePublished":"2024-03-27T08:02:20+00:00","dateModified":"2026-03-18T09:42:25+00:00","breadcrumb":{"@id":"https:\/\/taupegreen.com\/en\/product\/le-piegeage-traditionnel-des-taupes\/#breadcrumb"},"inLanguage":"en-US","potentialAction":[{"@type":"ReadAction","target":["https:\/\/taupegreen.com\/en\/product\/le-piegeage-traditionnel-des-taupes\/"]}]},{"@type":"ImageObject","inLanguage":"en-US","@id":"https:\/\/taupegreen.com\/en\/product\/le-piegeage-traditionnel-des-taupes\/#primaryimage","url":"https:\/\/taupegreen.com\/wp-content\/uploads\/2024\/03\/Design-sans-titre-45.jpg","contentUrl":"https:\/\/taupegreen.com\/wp-content\/uploads\/2024\/03\/Design-sans-titre-45.jpg","width":500,"height":500,"caption":"piegeage taupes"},{"@type":"BreadcrumbList","@id":"https:\/\/taupegreen.com\/en\/product\/le-piegeage-traditionnel-des-taupes\/#breadcrumb","itemListElement":[{"@type":"ListItem","position":1,"name":"Accueil","item":"https:\/\/taupegreen.com\/en\/home\/"},{"@type":"ListItem","position":2,"name":"Livre"}]},{"@type":"WebSite","@id":"https:\/\/taupegreen.com\/en\/#website","url":"https:\/\/taupegreen.com\/en\/","name":"Taup&#039; Green","description":"1er r\u00e9seau de taupiers en France","publisher":{"@id":"https:\/\/taupegreen.com\/en\/#organization"},"potentialAction":[{"@type":"SearchAction","target":{"@type":"EntryPoint","urlTemplate":"https:\/\/taupegreen.com\/en\/?s={search_term_string}"},"query-input":{"@type":"PropertyValueSpecification","valueRequired":true,"valueName":"search_term_string"}}],"inLanguage":"en-US"},{"@type":"Organization","@id":"https:\/\/taupegreen.com\/en\/#organization","name":"Taup&#039; Green","url":"https:\/\/taupegreen.com\/en\/","logo":{"@type":"ImageObject","inLanguage":"en-US","@id":"https:\/\/taupegreen.com\/en\/#\/schema\/logo\/image\/","url":"https:\/\/taupegreen.com\/wp-content\/uploads\/2024\/03\/cropped-Logo.png","contentUrl":"https:\/\/taupegreen.com\/wp-content\/uploads\/2024\/03\/cropped-Logo.png","width":225,"height":169,"caption":"Taup&#039; Green"},"image":{"@id":"https:\/\/taupegreen.com\/en\/#\/schema\/logo\/image\/"}}]}},"_links":{"self":[{"href":"https:\/\/taupegreen.com\/en\/wp-json\/wp\/v2\/product\/6309","targetHints":{"allow":["GET"]}}],"collection":[{"href":"https:\/\/taupegreen.com\/en\/wp-json\/wp\/v2\/product"}],"about":[{"href":"https:\/\/taupegreen.com\/en\/wp-json\/wp\/v2\/types\/product"}],"replies":[{"embeddable":true,"href":"https:\/\/taupegreen.com\/en\/wp-json\/wp\/v2\/comments?post=6309"}],"wp:featuredmedia":[{"embeddable":true,"href":"https:\/\/taupegreen.com\/en\/wp-json\/wp\/v2\/media\/7730"}],"wp:attachment":[{"href":"https:\/\/taupegreen.com\/en\/wp-json\/wp\/v2\/media?parent=6309"}],"wp:term":[{"taxonomy":"product_brand","embeddable":true,"href":"https:\/\/taupegreen.com\/en\/wp-json\/wp\/v2\/product_brand?post=6309"},{"taxonomy":"product_cat","embeddable":true,"href":"https:\/\/taupegreen.com\/en\/wp-json\/wp\/v2\/product_cat?post=6309"},{"taxonomy":"product_tag","embeddable":true,"href":"https:\/\/taupegreen.com\/en\/wp-json\/wp\/v2\/product_tag?post=6309"}],"curies":[{"name":"wp","href":"https:\/\/api.w.org\/{rel}","templated":true}]}}