{"id":6068,"date":"2024-03-15T20:20:24","date_gmt":"2024-03-15T20:20:24","guid":{"rendered":"https:\/\/taupegreen.com\/terms-of-use\/"},"modified":"2026-03-09T10:16:29","modified_gmt":"2026-03-09T10:16:29","slug":"terms-of-use","status":"publish","type":"page","link":"https:\/\/taupegreen.com\/en\/terms-of-use\/","title":{"rendered":"Terms of use"},"content":{"rendered":"\t\t<div data-elementor-type=\"wp-page\" data-elementor-id=\"6068\" class=\"elementor elementor-6068 elementor-5144\">\n\t\t\t\t\t\t<section class=\"elementor-section elementor-top-section elementor-element elementor-element-1f8c065c elementor-section-boxed elementor-section-height-default elementor-section-height-default\" data-id=\"1f8c065c\" data-element_type=\"section\" data-e-type=\"section\" data-settings=\"{&quot;background_background&quot;:&quot;classic&quot;}\">\n\t\t\t\t\t\t\t<div class=\"elementor-background-overlay\"><\/div>\n\t\t\t\t\t\t\t<div class=\"elementor-container elementor-column-gap-default\">\n\t\t\t\t\t<div class=\"elementor-column elementor-col-100 elementor-top-column elementor-element elementor-element-25153402\" data-id=\"25153402\" data-element_type=\"column\" data-e-type=\"column\">\n\t\t\t<div class=\"elementor-widget-wrap elementor-element-populated\">\n\t\t\t\t\t\t<div class=\"elementor-element elementor-element-7ea936c9 elementor-widget elementor-widget-heading\" data-id=\"7ea936c9\" data-element_type=\"widget\" data-e-type=\"widget\" data-widget_type=\"heading.default\">\n\t\t\t\t<div class=\"elementor-widget-container\">\n\t\t\t\t\t<h1 class=\"elementor-heading-title elementor-size-default\">Terms of use<\/h1>\t\t\t\t<\/div>\n\t\t\t\t<\/div>\n\t\t\t\t<div class=\"elementor-element elementor-element-1c855fdc elementor-widget__width-auto elementor-widget elementor-widget-button\" data-id=\"1c855fdc\" data-element_type=\"widget\" data-e-type=\"widget\" data-widget_type=\"button.default\">\n\t\t\t\t<div class=\"elementor-widget-container\">\n\t\t\t\t\t\t\t\t\t<div class=\"elementor-button-wrapper\">\n\t\t\t\t\t<a class=\"elementor-button elementor-button-link elementor-size-sm\" href=\"#\">\n\t\t\t\t\t\t<span class=\"elementor-button-content-wrapper\">\n\t\t\t\t\t\t<span class=\"elementor-button-icon\">\n\t\t\t\t<i aria-hidden=\"true\" class=\"fas fa-home\"><\/i>\t\t\t<\/span>\n\t\t\t\t\t\t\t\t\t<span class=\"elementor-button-text\">Home<\/span>\n\t\t\t\t\t<\/span>\n\t\t\t\t\t<\/a>\n\t\t\t\t<\/div>\n\t\t\t\t\t\t\t\t<\/div>\n\t\t\t\t<\/div>\n\t\t\t\t<div class=\"elementor-element elementor-element-40bf85ef elementor-widget__width-auto elementor-widget elementor-widget-text-editor\" data-id=\"40bf85ef\" data-element_type=\"widget\" data-e-type=\"widget\" data-widget_type=\"text-editor.default\">\n\t\t\t\t<div class=\"elementor-widget-container\">\n\t\t\t\t\t\t\t\t\t<p>\/<\/p>\t\t\t\t\t\t\t\t<\/div>\n\t\t\t\t<\/div>\n\t\t\t\t<div class=\"elementor-element elementor-element-57416593 elementor-widget__width-auto elementor-widget elementor-widget-button\" data-id=\"57416593\" data-element_type=\"widget\" data-e-type=\"widget\" data-widget_type=\"button.default\">\n\t\t\t\t<div class=\"elementor-widget-container\">\n\t\t\t\t\t\t\t\t\t<div class=\"elementor-button-wrapper\">\n\t\t\t\t\t<a class=\"elementor-button elementor-button-link elementor-size-sm\" href=\"#\">\n\t\t\t\t\t\t<span class=\"elementor-button-content-wrapper\">\n\t\t\t\t\t\t\t\t\t<span class=\"elementor-button-text\">Terms of use<\/span>\n\t\t\t\t\t<\/span>\n\t\t\t\t\t<\/a>\n\t\t\t\t<\/div>\n\t\t\t\t\t\t\t\t<\/div>\n\t\t\t\t<\/div>\n\t\t\t\t\t<\/div>\n\t\t<\/div>\n\t\t\t\t\t<\/div>\n\t\t<\/section>\n\t\t\t\t<section class=\"elementor-section elementor-top-section elementor-element elementor-element-e758d5e elementor-section-boxed elementor-section-height-default elementor-section-height-default\" data-id=\"e758d5e\" data-element_type=\"section\" data-e-type=\"section\">\n\t\t\t\t\t\t<div class=\"elementor-container elementor-column-gap-default\">\n\t\t\t\t\t<div class=\"elementor-column elementor-col-100 elementor-top-column elementor-element elementor-element-f96c43f\" data-id=\"f96c43f\" data-element_type=\"column\" data-e-type=\"column\">\n\t\t\t<div class=\"elementor-widget-wrap elementor-element-populated\">\n\t\t\t\t\t\t<div class=\"elementor-element elementor-element-81c0658 elementor-widget elementor-widget-text-editor\" data-id=\"81c0658\" data-element_type=\"widget\" data-e-type=\"widget\" data-widget_type=\"text-editor.default\">\n\t\t\t\t<div class=\"elementor-widget-container\">\n\t\t\t\t\t\t\t\t\t<h2>. Site editor<\/h2><p><strong>Company manager <\/strong>: J\u00e9rome Dormion &#8211; 06 64 86 32 48<\/p><ul><li><strong>Registered name<\/strong>: EURL DORMION, capital: 10000 euros<\/li><li><strong>N\u00b0 SIREN<\/strong> : 514 129 949 00038<\/li><li><strong>SIRET number<\/strong>: 514 129 949<\/li><li><strong>Intracommunity VAT number<\/strong>: FR 375 141 29949<\/li><li><strong>NAF \/ APE Code<\/strong>: 4619 B<\/li><\/ul><h2>2. Editorial manager &amp; Host<\/h2><ul><li><strong>Director of publication<\/strong>:<\/li><li><strong>Host<\/strong>: OVH, 2, rue Kellermann, 59100 Roubaix.<\/li><li> <\/li><\/ul><h2>3. Terms and conditions of use<\/h2><p>The site accessible via the url &#8220;urldusite&#8221; is operated in compliance with French legislation. Use of this site is governed by the present Terms of Use. By using the site, you acknowledge that you have read and accepted these conditions. They may be modified at any time and without notice by <strong>Taupegreen<\/strong>.   <\/p><p><strong>Taupegreen<\/strong> cannot be held responsible in any way for misuse of the service.<\/p><h2>4. Limitation of liability<\/h2><p>The information contained on this site is as accurate as possible and the site is periodically updated, but may contain inaccuracies, omissions or gaps. If you notice a gap, error or what appears to be a malfunction, please report it by email, describing the problem as precisely as possible (page causing the problem, action triggering the problem, type of computer and browser used, etc.). <\/p><p>Any content downloaded is done so at the user&#8217;s own risk and under the user&#8217;s sole responsibility. En cons\u00e9quence, <strong>Taupegreen<\/strong> ou son repr\u00e9sentant ne sauraient \u00eatre tenus responsables d\u2019un quelconque dommage subi par l\u2019ordinateur de l\u2019utilisateur ou d\u2019une quelconque perte de donn\u00e9es cons\u00e9cutives au t\u00e9l\u00e9chargement.<br>Les photos sont non contractuelles.<br>Les liens hypertextes mis en place dans le cadre du pr\u00e9sent site Internet en direction d\u2019autres ressources pr\u00e9sentes sur le r\u00e9seau Internet ne sauraient engager la responsabilit\u00e9 de l\u2019\u00e9quipe<strong> Taupegreen<\/strong>.<\/p><h2>5. Personal data<\/h2><p>In application of the General Data Protection Regulation, Internet users have the right to access, rectify, modify and delete data concerning them personally. Consult our <a href=\"https:\/\/lalucioledigitale.com\/politique-de-confidentialite\/\">privacy policy<\/a> to find out how to proceed. <\/p><h2>6. Cookies<\/h2><p>A &#8220;cookie&#8221; may be created during your use of the site. It does not allow us to identify you. On the other hand, it records information relating to your computer&#8217;s browsing on our site (the pages you have visited, the date and time of your visit, etc.) which we can read on your subsequent visits.  <\/p><p>For more information, please consult our <a href=\"https:\/\/lalucioledigitale.com\/politique-de-confidentialite\/\">privacy policy<\/a>.<\/p><h2>7. Intellectual property<\/h2><p>All content on the site is protected by intellectual property rights, in particular copyright, throughout the world and for the duration of the rights as defined by existing legal provisions and\/or future extensions.<\/p><p>Access to the Site grants you a private, non-collective and non-exclusive right to use the content of the Site. Networking and redistribution in any form are prohibited. <\/p><p>The right to reproduce is only for the purpose of representation on a single-user screen and is strictly reserved for your private use. If you wish to make commercial use of the information on this Site, you must obtain our express consent. To do so, send us an e-mail using <a href=\"https:\/\/lalucioledigitale.com\/contact\/\">our contact form<\/a>.  <\/p><p>All Materials published on the Site, including but not limited to texts, photographs, videos, computer graphics and icons (hereinafter referred to as &#8220;Materials&#8221;), constitute works within the meaning of Article L 112-1 of the French Intellectual Property Code. Consequently, any representation or reproduction, in whole or in part, that may be made without the consent of the authors or their assignees, is unlawful. You may not modify, copy, transmit by e-mail or in any other way, assign, download, display or, in general, exploit these Materials.  <\/p><p>You therefore agree to :<\/p><ul><li>download the Materials onto your computer only for personal, time-limited use<\/li><li>make hard copies of downloaded Materials only on condition that such copies are strictly limited to personal use<\/li><li>not to reproduce the digital version of the Materials for press review purposes<\/li><li>not to alter, modify, move, remove or replace the editorial content (text and\/or reproduction) of the Materials and\/or the authors of the Materials or their assignees.<\/li><\/ul><p>We remind you that the violation of any of the copyrights of the publisher or authors of this Site constitutes an infringement punishable in France by Article L 335-2 of the Intellectual Property Code and punishable by three years imprisonment and a fine of 300,000 euros.<\/p><p>The publisher reserves the right, at its sole discretion and without prior notice, to modify, delete or add to the &#8220;Terms of Use&#8221; of the Site at any time, in particular in order to take into account any legal, jurisprudential, editorial and\/or technical developments. The prevailing version is the one available online. You are therefore advised to refer regularly to the latest version of these Terms of Use.  <\/p><p>The publisher also reserves the right to modify the characteristics or content of the Site. It may also restrict access to certain sections of the Site without prior notice. <\/p><p>The publisher may, at its sole discretion, suspend, interrupt or terminate access to all or part of the Site for any reason whatsoever, including but not limited to failure to comply with the Site&#8217;s &#8220;General Terms and Conditions of Use&#8221;. It does not guarantee that the Site is error-free or that all imperfections will be corrected. <\/p><p>The publisher reserves the right to send e-mails to you personally or to all users of the Site in order to keep you informed of changes, modifications or additions to the Site.<\/p><h2>8. Information and exclusion<\/h2><p><strong>Taupegreen<\/strong> makes every effort to provide reliable information and update its website. However, errors and omissions may occur. <\/p><p>The Internet user must therefore ensure the accuracy of the information provided by <strong>Taupegreen<\/strong>, and report any changes to the site that he\/she deems useful.<\/p><p><strong>Taupegreen<\/strong> is in no way responsible for the use made of this information, and for any direct or indirect damage that may result.<\/p><h2>9. Limitation of liability<\/h2><p>You are solely liable for any direct, indirect, material or immaterial damage or injury caused by or arising out of the use of the Site by you or any person authorized by you to use the Site. By use, we mean any use of the Site whatsoever, whether fraudulent or not. <\/p><p>As such, you waive any claim or legal action relating to such damages and prejudice, on the basis of the contractual liability of the publisher of this Site or on any other basis.<\/p><p>Hypertext links may lead to sites other than the Site. By clicking on these links, you leave the Site and reach sites over which the publisher has no control. Consequently, the latter declines all responsibility in the event that the content of these sites contravenes the legal and regulatory provisions in force.  <\/p><p>In addition, no hypertext link may lead to the Site without the prior and express authorization of the Site editor. A d\u00e9faut d\u2019autorisation, un tel lien est consid\u00e9r\u00e9 comme constitutif du d\u00e9lit de contrefa\u00e7on, d\u00e9lit dont les peines ont d\u2019ores et d\u00e9j\u00e0 \u00e9t\u00e9 rappel\u00e9es ci-dessus.<br>L\u2019\u00e9diteur s\u2019engage \u00e0 faire les efforts n\u00e9cessaires pour s\u00e9curiser l\u2019acc\u00e8s, la consultation et l\u2019utilisation des Mat\u00e9riels conform\u00e9ment aux r\u00e8gles d\u2019usages de l\u2019Internet. Access to the Site is possible twenty-four (24) hours out of twenty-four (24), seven (7) days out of seven (7) except in the event of force majeure or an event beyond the control of the publisher and subject to any breakdowns and maintenance operations necessary for the proper functioning of the Site and the Materials, which may be carried out without prior notice to you.<\/p><p>Consequently, the publisher cannot be held liable in the following cases:<\/p><ul><li>Momentary interruptions lasting a few minutes to update certain files<\/li><li>Operating difficulties or temporary interruption of these services beyond the control of the publisher, in particular in the event of interruption of electricity or telecommunication services.<\/li><li>Temporary interruptions to services required for upgrades or maintenance<\/li><li>Failure or malfunction of the Internet network in the transmission of messages or documents.<\/li><\/ul><p>You declare that you accept the characteristics and limits of the Internet, and in particular acknowledge :<\/p><ul><li>that you are aware of the nature of the Internet, in particular its technical performance and response times for consulting, querying or transferring Information<\/li><li>that the communication of your access codes and, more specifically, of your login and password or, in general, of any information deemed confidential, is made under your own responsibility.<\/li><li>that it is your responsibility to take all necessary measures to ensure that the technical characteristics of your computer allow you to consult the Information<\/li><li>that it is your responsibility to take all appropriate measures to protect your own data and\/or software from contamination by any viruses circulating on the Site and\/or the Information.<\/li><\/ul><p>Downloading the Materials implies unreserved acceptance of said Materials and of these Terms of Use.<\/p><h2>10. Application of French law<\/h2><p>As the Internet is by nature a global network, but this Site is intended for a French audience, the rules applicable to all content and data transmissions on and around the Site are determined by French law. In the event of a dispute, the French courts shall have exclusive jurisdiction. <\/p><h2>11. Contact us<\/h2><p><b>Taupegreen <\/b>welcomes any comments or suggestions you may have. You can write to us using our <a href=\"https:\/\/taupegreen.com\/contact\/\">contact form<\/a>. <\/p>\t\t\t\t\t\t\t\t<\/div>\n\t\t\t\t<\/div>\n\t\t\t\t\t<\/div>\n\t\t<\/div>\n\t\t\t\t\t<\/div>\n\t\t<\/section>\n\t\t\t\t<\/div>\n\t\t","protected":false},"excerpt":{"rendered":"<p>Terms of use Home \/ Terms of use . Site editor Company manager : J\u00e9rome Dormion &#8211; 06 64 86 32 48 Registered name: EURL DORMION, capital: 10000 euros N\u00b0 SIREN : 514 129 949 00038 SIRET number: 514 129 949 Intracommunity VAT number: FR 375 141 29949 NAF \/ APE Code: 4619 B 2. &hellip; <a href=\"https:\/\/taupegreen.com\/en\/terms-of-use\/\" class=\"more-link\">Continue reading<span class=\"screen-reader-text\"> &#8220;Terms of use&#8221;<\/span><\/a><\/p>\n","protected":false},"author":1,"featured_media":0,"parent":0,"menu_order":0,"comment_status":"closed","ping_status":"closed","template":"elementor_header_footer","meta":{"_seopress_robots_primary_cat":"0","_seopress_titles_title":"","_seopress_titles_desc":"","_seopress_robots_index":"","footnotes":""},"class_list":["post-6068","page","type-page","status-publish","hentry"],"yoast_head":"<!-- This site is optimized with the Yoast SEO plugin v27.3 - https:\/\/yoast.com\/product\/yoast-seo-wordpress\/ -->\n<title>Terms of use - Taup&#039; Green<\/title>\n<meta name=\"robots\" content=\"index, follow, max-snippet:-1, max-image-preview:large, max-video-preview:-1\" \/>\n<link rel=\"canonical\" href=\"https:\/\/taupegreen.com\/en\/terms-of-use\/\" \/>\n<meta property=\"og:locale\" content=\"en_US\" \/>\n<meta property=\"og:type\" content=\"article\" \/>\n<meta property=\"og:title\" content=\"Terms of use - Taup&#039; Green\" \/>\n<meta property=\"og:description\" content=\"Terms of use Home \/ Terms of use . Site editor Company manager : J\u00e9rome Dormion &#8211; 06 64 86 32 48 Registered name: EURL DORMION, capital: 10000 euros N\u00b0 SIREN : 514 129 949 00038 SIRET number: 514 129 949 Intracommunity VAT number: FR 375 141 29949 NAF \/ APE Code: 4619 B 2. &hellip; Continue reading &quot;Terms of use&quot;\" \/>\n<meta property=\"og:url\" content=\"https:\/\/taupegreen.com\/en\/terms-of-use\/\" \/>\n<meta property=\"og:site_name\" content=\"Taup&#039; Green\" \/>\n<meta property=\"article:modified_time\" content=\"2026-03-09T10:16:29+00:00\" \/>\n<meta name=\"twitter:card\" content=\"summary_large_image\" \/>\n<meta name=\"twitter:label1\" content=\"Est. reading time\" \/>\n\t<meta name=\"twitter:data1\" content=\"8 minutes\" \/>\n<script type=\"application\/ld+json\" class=\"yoast-schema-graph\">{\"@context\":\"https:\\\/\\\/schema.org\",\"@graph\":[{\"@type\":\"WebPage\",\"@id\":\"https:\\\/\\\/taupegreen.com\\\/en\\\/terms-of-use\\\/\",\"url\":\"https:\\\/\\\/taupegreen.com\\\/en\\\/terms-of-use\\\/\",\"name\":\"Terms of use - Taup&#039; Green\",\"isPartOf\":{\"@id\":\"https:\\\/\\\/taupegreen.com\\\/en\\\/#website\"},\"datePublished\":\"2024-03-15T20:20:24+00:00\",\"dateModified\":\"2026-03-09T10:16:29+00:00\",\"breadcrumb\":{\"@id\":\"https:\\\/\\\/taupegreen.com\\\/en\\\/terms-of-use\\\/#breadcrumb\"},\"inLanguage\":\"en-US\",\"potentialAction\":[{\"@type\":\"ReadAction\",\"target\":[\"https:\\\/\\\/taupegreen.com\\\/en\\\/terms-of-use\\\/\"]}]},{\"@type\":\"BreadcrumbList\",\"@id\":\"https:\\\/\\\/taupegreen.com\\\/en\\\/terms-of-use\\\/#breadcrumb\",\"itemListElement\":[{\"@type\":\"ListItem\",\"position\":1,\"name\":\"Accueil\",\"item\":\"https:\\\/\\\/taupegreen.com\\\/en\\\/home\\\/\"},{\"@type\":\"ListItem\",\"position\":2,\"name\":\"Terms of use\"}]},{\"@type\":\"WebSite\",\"@id\":\"https:\\\/\\\/taupegreen.com\\\/en\\\/#website\",\"url\":\"https:\\\/\\\/taupegreen.com\\\/en\\\/\",\"name\":\"Taup&#039; Green\",\"description\":\"1er r\u00e9seau de taupiers en France\",\"publisher\":{\"@id\":\"https:\\\/\\\/taupegreen.com\\\/en\\\/#organization\"},\"potentialAction\":[{\"@type\":\"SearchAction\",\"target\":{\"@type\":\"EntryPoint\",\"urlTemplate\":\"https:\\\/\\\/taupegreen.com\\\/en\\\/?s={search_term_string}\"},\"query-input\":{\"@type\":\"PropertyValueSpecification\",\"valueRequired\":true,\"valueName\":\"search_term_string\"}}],\"inLanguage\":\"en-US\"},{\"@type\":\"Organization\",\"@id\":\"https:\\\/\\\/taupegreen.com\\\/en\\\/#organization\",\"name\":\"Taup&#039; Green\",\"url\":\"https:\\\/\\\/taupegreen.com\\\/en\\\/\",\"logo\":{\"@type\":\"ImageObject\",\"inLanguage\":\"en-US\",\"@id\":\"https:\\\/\\\/taupegreen.com\\\/en\\\/#\\\/schema\\\/logo\\\/image\\\/\",\"url\":\"https:\\\/\\\/taupegreen.com\\\/wp-content\\\/uploads\\\/2024\\\/03\\\/cropped-Logo.png\",\"contentUrl\":\"https:\\\/\\\/taupegreen.com\\\/wp-content\\\/uploads\\\/2024\\\/03\\\/cropped-Logo.png\",\"width\":225,\"height\":169,\"caption\":\"Taup&#039; Green\"},\"image\":{\"@id\":\"https:\\\/\\\/taupegreen.com\\\/en\\\/#\\\/schema\\\/logo\\\/image\\\/\"}}]}<\/script>\n<!-- \/ Yoast SEO plugin. -->","yoast_head_json":{"title":"Terms of use - Taup&#039; Green","robots":{"index":"index","follow":"follow","max-snippet":"max-snippet:-1","max-image-preview":"max-image-preview:large","max-video-preview":"max-video-preview:-1"},"canonical":"https:\/\/taupegreen.com\/en\/terms-of-use\/","og_locale":"en_US","og_type":"article","og_title":"Terms of use - Taup&#039; Green","og_description":"Terms of use Home \/ Terms of use . Site editor Company manager : J\u00e9rome Dormion &#8211; 06 64 86 32 48 Registered name: EURL DORMION, capital: 10000 euros N\u00b0 SIREN : 514 129 949 00038 SIRET number: 514 129 949 Intracommunity VAT number: FR 375 141 29949 NAF \/ APE Code: 4619 B 2. &hellip; Continue reading \"Terms of use\"","og_url":"https:\/\/taupegreen.com\/en\/terms-of-use\/","og_site_name":"Taup&#039; Green","article_modified_time":"2026-03-09T10:16:29+00:00","twitter_card":"summary_large_image","twitter_misc":{"Est. reading time":"8 minutes"},"schema":{"@context":"https:\/\/schema.org","@graph":[{"@type":"WebPage","@id":"https:\/\/taupegreen.com\/en\/terms-of-use\/","url":"https:\/\/taupegreen.com\/en\/terms-of-use\/","name":"Terms of use - Taup&#039; Green","isPartOf":{"@id":"https:\/\/taupegreen.com\/en\/#website"},"datePublished":"2024-03-15T20:20:24+00:00","dateModified":"2026-03-09T10:16:29+00:00","breadcrumb":{"@id":"https:\/\/taupegreen.com\/en\/terms-of-use\/#breadcrumb"},"inLanguage":"en-US","potentialAction":[{"@type":"ReadAction","target":["https:\/\/taupegreen.com\/en\/terms-of-use\/"]}]},{"@type":"BreadcrumbList","@id":"https:\/\/taupegreen.com\/en\/terms-of-use\/#breadcrumb","itemListElement":[{"@type":"ListItem","position":1,"name":"Accueil","item":"https:\/\/taupegreen.com\/en\/home\/"},{"@type":"ListItem","position":2,"name":"Terms of use"}]},{"@type":"WebSite","@id":"https:\/\/taupegreen.com\/en\/#website","url":"https:\/\/taupegreen.com\/en\/","name":"Taup&#039; Green","description":"1er r\u00e9seau de taupiers en France","publisher":{"@id":"https:\/\/taupegreen.com\/en\/#organization"},"potentialAction":[{"@type":"SearchAction","target":{"@type":"EntryPoint","urlTemplate":"https:\/\/taupegreen.com\/en\/?s={search_term_string}"},"query-input":{"@type":"PropertyValueSpecification","valueRequired":true,"valueName":"search_term_string"}}],"inLanguage":"en-US"},{"@type":"Organization","@id":"https:\/\/taupegreen.com\/en\/#organization","name":"Taup&#039; Green","url":"https:\/\/taupegreen.com\/en\/","logo":{"@type":"ImageObject","inLanguage":"en-US","@id":"https:\/\/taupegreen.com\/en\/#\/schema\/logo\/image\/","url":"https:\/\/taupegreen.com\/wp-content\/uploads\/2024\/03\/cropped-Logo.png","contentUrl":"https:\/\/taupegreen.com\/wp-content\/uploads\/2024\/03\/cropped-Logo.png","width":225,"height":169,"caption":"Taup&#039; Green"},"image":{"@id":"https:\/\/taupegreen.com\/en\/#\/schema\/logo\/image\/"}}]}},"_links":{"self":[{"href":"https:\/\/taupegreen.com\/en\/wp-json\/wp\/v2\/pages\/6068","targetHints":{"allow":["GET"]}}],"collection":[{"href":"https:\/\/taupegreen.com\/en\/wp-json\/wp\/v2\/pages"}],"about":[{"href":"https:\/\/taupegreen.com\/en\/wp-json\/wp\/v2\/types\/page"}],"author":[{"embeddable":true,"href":"https:\/\/taupegreen.com\/en\/wp-json\/wp\/v2\/users\/1"}],"replies":[{"embeddable":true,"href":"https:\/\/taupegreen.com\/en\/wp-json\/wp\/v2\/comments?post=6068"}],"version-history":[{"count":9,"href":"https:\/\/taupegreen.com\/en\/wp-json\/wp\/v2\/pages\/6068\/revisions"}],"predecessor-version":[{"id":7856,"href":"https:\/\/taupegreen.com\/en\/wp-json\/wp\/v2\/pages\/6068\/revisions\/7856"}],"wp:attachment":[{"href":"https:\/\/taupegreen.com\/en\/wp-json\/wp\/v2\/media?parent=6068"}],"curies":[{"name":"wp","href":"https:\/\/api.w.org\/{rel}","templated":true}]}}