{"id":6029,"date":"2022-07-21T07:12:42","date_gmt":"2022-07-21T07:12:42","guid":{"rendered":"https:\/\/taupegreen.com\/our-references\/"},"modified":"2026-03-09T10:13:20","modified_gmt":"2026-03-09T10:13:20","slug":"our-references","status":"publish","type":"page","link":"https:\/\/taupegreen.com\/en\/our-references\/","title":{"rendered":"They talk about us"},"content":{"rendered":"\t\t<div data-elementor-type=\"wp-page\" data-elementor-id=\"6029\" class=\"elementor elementor-6029 elementor-4527\">\n\t\t\t\t\t\t<section class=\"elementor-section elementor-top-section elementor-element elementor-element-7cb614d elementor-section-boxed elementor-section-height-default elementor-section-height-default\" data-id=\"7cb614d\" data-element_type=\"section\" data-e-type=\"section\" data-settings=\"{&quot;background_background&quot;:&quot;classic&quot;}\">\n\t\t\t\t\t\t\t<div class=\"elementor-background-overlay\"><\/div>\n\t\t\t\t\t\t\t<div class=\"elementor-container elementor-column-gap-default\">\n\t\t\t\t\t<div class=\"elementor-column elementor-col-100 elementor-top-column elementor-element elementor-element-7c80b24\" data-id=\"7c80b24\" data-element_type=\"column\" data-e-type=\"column\">\n\t\t\t<div class=\"elementor-widget-wrap elementor-element-populated\">\n\t\t\t\t\t\t<div class=\"elementor-element elementor-element-9213b52 elementor-widget elementor-widget-heading\" data-id=\"9213b52\" data-element_type=\"widget\" data-e-type=\"widget\" data-widget_type=\"heading.default\">\n\t\t\t\t<div class=\"elementor-widget-container\">\n\t\t\t\t\t<h1 class=\"elementor-heading-title elementor-size-default\">They talk about us<\/h1>\t\t\t\t<\/div>\n\t\t\t\t<\/div>\n\t\t\t\t<div class=\"elementor-element elementor-element-a5819a9 elementor-widget__width-auto elementor-widget elementor-widget-button\" data-id=\"a5819a9\" data-element_type=\"widget\" data-e-type=\"widget\" data-widget_type=\"button.default\">\n\t\t\t\t<div class=\"elementor-widget-container\">\n\t\t\t\t\t\t\t\t\t<div class=\"elementor-button-wrapper\">\n\t\t\t\t\t<a class=\"elementor-button elementor-button-link elementor-size-sm\" href=\"#\">\n\t\t\t\t\t\t<span class=\"elementor-button-content-wrapper\">\n\t\t\t\t\t\t<span class=\"elementor-button-icon\">\n\t\t\t\t<i aria-hidden=\"true\" class=\"fas fa-home\"><\/i>\t\t\t<\/span>\n\t\t\t\t\t\t\t\t\t<span class=\"elementor-button-text\">Home<\/span>\n\t\t\t\t\t<\/span>\n\t\t\t\t\t<\/a>\n\t\t\t\t<\/div>\n\t\t\t\t\t\t\t\t<\/div>\n\t\t\t\t<\/div>\n\t\t\t\t<div class=\"elementor-element elementor-element-6362aaa elementor-widget__width-auto elementor-widget elementor-widget-text-editor\" data-id=\"6362aaa\" data-element_type=\"widget\" data-e-type=\"widget\" data-widget_type=\"text-editor.default\">\n\t\t\t\t<div class=\"elementor-widget-container\">\n\t\t\t\t\t\t\t\t\t<p>\/<\/p>\t\t\t\t\t\t\t\t<\/div>\n\t\t\t\t<\/div>\n\t\t\t\t<div class=\"elementor-element elementor-element-277fa7c elementor-widget__width-auto elementor-widget elementor-widget-button\" data-id=\"277fa7c\" data-element_type=\"widget\" data-e-type=\"widget\" data-widget_type=\"button.default\">\n\t\t\t\t<div class=\"elementor-widget-container\">\n\t\t\t\t\t\t\t\t\t<div class=\"elementor-button-wrapper\">\n\t\t\t\t\t<a class=\"elementor-button elementor-button-link elementor-size-sm\" href=\"#\">\n\t\t\t\t\t\t<span class=\"elementor-button-content-wrapper\">\n\t\t\t\t\t\t\t\t\t<span class=\"elementor-button-text\">They talk about us<\/span>\n\t\t\t\t\t<\/span>\n\t\t\t\t\t<\/a>\n\t\t\t\t<\/div>\n\t\t\t\t\t\t\t\t<\/div>\n\t\t\t\t<\/div>\n\t\t\t\t\t<\/div>\n\t\t<\/div>\n\t\t\t\t\t<\/div>\n\t\t<\/section>\n\t\t\t\t<section class=\"elementor-section elementor-top-section elementor-element elementor-element-7ecc357b elementor-section-boxed elementor-section-height-default elementor-section-height-default\" data-id=\"7ecc357b\" data-element_type=\"section\" data-e-type=\"section\">\n\t\t\t\t\t\t<div class=\"elementor-container elementor-column-gap-default\">\n\t\t\t\t\t<div class=\"elementor-column elementor-col-100 elementor-top-column elementor-element elementor-element-5287bc71\" data-id=\"5287bc71\" data-element_type=\"column\" data-e-type=\"column\">\n\t\t\t<div class=\"elementor-widget-wrap elementor-element-populated\">\n\t\t\t\t\t\t<section class=\"elementor-section elementor-inner-section elementor-element elementor-element-20900f1d elementor-section-boxed elementor-section-height-default elementor-section-height-default\" data-id=\"20900f1d\" data-element_type=\"section\" data-e-type=\"section\">\n\t\t\t\t\t\t<div class=\"elementor-container elementor-column-gap-default\">\n\t\t\t\t\t<div class=\"elementor-column elementor-col-33 elementor-inner-column elementor-element elementor-element-5c5b3960\" data-id=\"5c5b3960\" data-element_type=\"column\" data-e-type=\"column\">\n\t\t\t<div class=\"elementor-widget-wrap elementor-element-populated\">\n\t\t\t\t\t\t<div class=\"elementor-element elementor-element-f81c694 elementor-widget__width-initial elementor-widget elementor-widget-video\" data-id=\"f81c694\" data-element_type=\"widget\" data-e-type=\"widget\" data-settings=\"{&quot;youtube_url&quot;:&quot;https:\\\/\\\/www.youtube.com\\\/watch?v=L1wa9rRdYDs&quot;,&quot;video_type&quot;:&quot;youtube&quot;,&quot;controls&quot;:&quot;yes&quot;}\" data-widget_type=\"video.default\">\n\t\t\t\t<div class=\"elementor-widget-container\">\n\t\t\t\t\t\t\t<div class=\"elementor-wrapper elementor-open-inline\">\n\t\t\t<div class=\"elementor-video\"><\/div>\t\t<\/div>\n\t\t\t\t\t\t<\/div>\n\t\t\t\t<\/div>\n\t\t\t\t<div class=\"elementor-element elementor-element-447b097 elementor-widget elementor-widget-text-editor\" data-id=\"447b097\" data-element_type=\"widget\" data-e-type=\"widget\" data-widget_type=\"text-editor.default\">\n\t\t\t\t<div class=\"elementor-widget-container\">\n\t\t\t\t\t\t\t\t\t<p><b>Jean Pierre Coffe in <\/b><b>&#8220;Vivement Dimanche<\/b><\/p>\t\t\t\t\t\t\t\t<\/div>\n\t\t\t\t<\/div>\n\t\t\t\t\t<\/div>\n\t\t<\/div>\n\t\t\t\t<div class=\"elementor-column elementor-col-33 elementor-inner-column elementor-element elementor-element-93cab4e\" data-id=\"93cab4e\" data-element_type=\"column\" data-e-type=\"column\">\n\t\t\t<div class=\"elementor-widget-wrap elementor-element-populated\">\n\t\t\t\t\t\t<div class=\"elementor-element elementor-element-efc8ce7 elementor-widget__width-initial elementor-widget elementor-widget-video\" data-id=\"efc8ce7\" data-element_type=\"widget\" data-e-type=\"widget\" data-settings=\"{&quot;youtube_url&quot;:&quot;https:\\\/\\\/www.youtube.com\\\/watch?v=7K3kDs-2Iyo&amp;t=44s&quot;,&quot;show_image_overlay&quot;:&quot;yes&quot;,&quot;image_overlay&quot;:{&quot;url&quot;:&quot;&quot;,&quot;id&quot;:&quot;&quot;,&quot;size&quot;:&quot;&quot;,&quot;alt&quot;:&quot;&quot;,&quot;source&quot;:&quot;library&quot;},&quot;video_type&quot;:&quot;youtube&quot;,&quot;controls&quot;:&quot;yes&quot;}\" data-widget_type=\"video.default\">\n\t\t\t\t<div class=\"elementor-widget-container\">\n\t\t\t\t\t\t\t<div class=\"elementor-wrapper elementor-open-inline\">\n\t\t\t<div class=\"elementor-video\"><\/div>\t\t<\/div>\n\t\t\t\t\t\t<\/div>\n\t\t\t\t<\/div>\n\t\t\t\t<div class=\"elementor-element elementor-element-86c13d1 elementor-widget elementor-widget-text-editor\" data-id=\"86c13d1\" data-element_type=\"widget\" data-e-type=\"widget\" data-widget_type=\"text-editor.default\">\n\t\t\t\t<div class=\"elementor-widget-container\">\n\t\t\t\t\t\t\t\t\t<p><strong>Easily trap a Mole  <\/strong><\/p>\t\t\t\t\t\t\t\t<\/div>\n\t\t\t\t<\/div>\n\t\t\t\t\t<\/div>\n\t\t<\/div>\n\t\t\t\t<div class=\"elementor-column elementor-col-33 elementor-inner-column elementor-element elementor-element-44545115\" data-id=\"44545115\" data-element_type=\"column\" data-e-type=\"column\">\n\t\t\t<div class=\"elementor-widget-wrap elementor-element-populated\">\n\t\t\t\t\t\t<div class=\"elementor-element elementor-element-a363fc8 elementor-widget__width-initial elementor-widget elementor-widget-video\" data-id=\"a363fc8\" data-element_type=\"widget\" data-e-type=\"widget\" data-settings=\"{&quot;youtube_url&quot;:&quot;https:\\\/\\\/www.youtube.com\\\/watch?v=Q2xE20mx1BU&quot;,&quot;video_type&quot;:&quot;youtube&quot;,&quot;controls&quot;:&quot;yes&quot;}\" data-widget_type=\"video.default\">\n\t\t\t\t<div class=\"elementor-widget-container\">\n\t\t\t\t\t\t\t<div class=\"elementor-wrapper elementor-open-inline\">\n\t\t\t<div class=\"elementor-video\"><\/div>\t\t<\/div>\n\t\t\t\t\t\t<\/div>\n\t\t\t\t<\/div>\n\t\t\t\t<div class=\"elementor-element elementor-element-29b12fb elementor-widget elementor-widget-text-editor\" data-id=\"29b12fb\" data-element_type=\"widget\" data-e-type=\"widget\" data-widget_type=\"text-editor.default\">\n\t\t\t\t<div class=\"elementor-widget-container\">\n\t\t\t\t\t\t\t\t\t<p><b>J\u00e9r\u00f4me Dormion at the Ch\u00e2teau de Versailles<\/b><\/p>\t\t\t\t\t\t\t\t<\/div>\n\t\t\t\t<\/div>\n\t\t\t\t\t<\/div>\n\t\t<\/div>\n\t\t\t\t\t<\/div>\n\t\t<\/section>\n\t\t\t\t<section class=\"elementor-section elementor-inner-section elementor-element elementor-element-ca1281b elementor-section-boxed elementor-section-height-default elementor-section-height-default\" data-id=\"ca1281b\" data-element_type=\"section\" data-e-type=\"section\">\n\t\t\t\t\t\t<div class=\"elementor-container elementor-column-gap-default\">\n\t\t\t\t\t<div class=\"elementor-column elementor-col-50 elementor-inner-column elementor-element elementor-element-51496dd\" data-id=\"51496dd\" data-element_type=\"column\" data-e-type=\"column\">\n\t\t\t<div class=\"elementor-widget-wrap elementor-element-populated\">\n\t\t\t\t\t\t<div class=\"elementor-element elementor-element-a116fe8 elementor-widget elementor-widget-video\" data-id=\"a116fe8\" data-element_type=\"widget\" data-e-type=\"widget\" data-settings=\"{&quot;video_type&quot;:&quot;hosted&quot;,&quot;controls&quot;:&quot;yes&quot;}\" data-widget_type=\"video.default\">\n\t\t\t\t<div class=\"elementor-widget-container\">\n\t\t\t\t\t\t\t<div class=\"e-hosted-video elementor-wrapper elementor-open-inline\">\n\t\t\t\t\t<video class=\"elementor-video\" src=\"https:\/\/taupegreen.com\/wp-content\/uploads\/2024\/03\/video-35.mp4\" controls=\"\" preload=\"metadata\" controlsList=\"nodownload\"><\/video>\n\t\t\t\t<\/div>\n\t\t\t\t\t\t<\/div>\n\t\t\t\t<\/div>\n\t\t\t\t<div class=\"elementor-element elementor-element-75eaade elementor-widget elementor-widget-text-editor\" data-id=\"75eaade\" data-element_type=\"widget\" data-e-type=\"widget\" data-widget_type=\"text-editor.default\">\n\t\t\t\t<div class=\"elementor-widget-container\">\n\t\t\t\t\t\t\t\t\t<p><b>E=M6 Mole and Earthworms<\/b><\/p>\t\t\t\t\t\t\t\t<\/div>\n\t\t\t\t<\/div>\n\t\t\t\t\t<\/div>\n\t\t<\/div>\n\t\t\t\t<div class=\"elementor-column elementor-col-50 elementor-inner-column elementor-element elementor-element-a249408\" data-id=\"a249408\" data-element_type=\"column\" data-e-type=\"column\">\n\t\t\t<div class=\"elementor-widget-wrap elementor-element-populated\">\n\t\t\t\t\t\t<div class=\"elementor-element elementor-element-997c472 elementor-widget elementor-widget-video\" data-id=\"997c472\" data-element_type=\"widget\" data-e-type=\"widget\" data-settings=\"{&quot;youtube_url&quot;:&quot;https:\\\/\\\/www.youtube.com\\\/watch?v=FVp1dfGbTBk&amp;t=1s&quot;,&quot;video_type&quot;:&quot;youtube&quot;,&quot;controls&quot;:&quot;yes&quot;}\" data-widget_type=\"video.default\">\n\t\t\t\t<div class=\"elementor-widget-container\">\n\t\t\t\t\t\t\t<div class=\"elementor-wrapper elementor-open-inline\">\n\t\t\t<div class=\"elementor-video\"><\/div>\t\t<\/div>\n\t\t\t\t\t\t<\/div>\n\t\t\t\t<\/div>\n\t\t\t\t<div class=\"elementor-element elementor-element-0b16089 elementor-widget elementor-widget-text-editor\" data-id=\"0b16089\" data-element_type=\"widget\" data-e-type=\"widget\" data-widget_type=\"text-editor.default\">\n\t\t\t\t<div class=\"elementor-widget-container\">\n\t\t\t\t\t\t\t\t\t<p><b>Interview with Alain Baraton at the Ch\u00e2teau de Versailles<\/b><\/p>\t\t\t\t\t\t\t\t<\/div>\n\t\t\t\t<\/div>\n\t\t\t\t\t<\/div>\n\t\t<\/div>\n\t\t\t\t\t<\/div>\n\t\t<\/section>\n\t\t\t\t<section class=\"elementor-section elementor-inner-section elementor-element elementor-element-60c7b5f elementor-section-boxed elementor-section-height-default elementor-section-height-default\" data-id=\"60c7b5f\" data-element_type=\"section\" data-e-type=\"section\">\n\t\t\t\t\t\t<div class=\"elementor-container elementor-column-gap-default\">\n\t\t\t\t\t<div class=\"elementor-column elementor-col-100 elementor-inner-column elementor-element elementor-element-0d37043\" data-id=\"0d37043\" data-element_type=\"column\" data-e-type=\"column\">\n\t\t\t<div class=\"elementor-widget-wrap elementor-element-populated\">\n\t\t\t\t\t\t<div class=\"elementor-element elementor-element-69533fc elementor-widget elementor-widget-image\" data-id=\"69533fc\" data-element_type=\"widget\" data-e-type=\"widget\" data-widget_type=\"image.default\">\n\t\t\t\t<div class=\"elementor-widget-container\">\n\t\t\t\t\t\t\t\t\t\t\t\t\t\t\t\t<a href=\"https:\/\/www.youtobe.com\/@TAUPEGREEN\" target=\"_blank\">\n\t\t\t\t\t\t\t<img fetchpriority=\"high\" decoding=\"async\" width=\"507\" height=\"512\" src=\"https:\/\/taupegreen.com\/wp-content\/uploads\/2024\/03\/unnamed-6.jpg\" class=\"attachment-large size-large wp-image-6214\" alt=\"\" srcset=\"https:\/\/taupegreen.com\/wp-content\/uploads\/2024\/03\/unnamed-6.jpg 507w, https:\/\/taupegreen.com\/wp-content\/uploads\/2024\/03\/unnamed-6-495x500.jpg 495w, https:\/\/taupegreen.com\/wp-content\/uploads\/2024\/03\/unnamed-6-100x100.jpg 100w\" sizes=\"(max-width: 507px) 85vw, 507px\" \/>\t\t\t\t\t\t\t\t<\/a>\n\t\t\t\t\t\t\t\t\t\t\t\t\t\t\t<\/div>\n\t\t\t\t<\/div>\n\t\t\t\t\t<\/div>\n\t\t<\/div>\n\t\t\t\t\t<\/div>\n\t\t<\/section>\n\t\t\t\t\t<\/div>\n\t\t<\/div>\n\t\t\t\t\t<\/div>\n\t\t<\/section>\n\t\t\t\t<\/div>\n\t\t","protected":false},"excerpt":{"rendered":"<p>They talk about us Home \/ They talk about us https:\/\/www.youtube.com\/watch?v=L1wa9rRdYDs Jean Pierre Coffe in &#8220;Vivement Dimanche https:\/\/www.youtube.com\/watch?v=7K3kDs-2Iyo&#038;t=44s Easily trap a Mole https:\/\/www.youtube.com\/watch?v=Q2xE20mx1BU J\u00e9r\u00f4me Dormion at the Ch\u00e2teau de Versailles https:\/\/taupegreen.com\/wp-content\/uploads\/2024\/03\/video-35.mp4 E=M6 Mole and Earthworms https:\/\/www.youtube.com\/watch?v=FVp1dfGbTBk&#038;t=1s Interview with Alain Baraton at the Ch\u00e2teau de Versailles<\/p>\n","protected":false},"author":1,"featured_media":0,"parent":0,"menu_order":0,"comment_status":"closed","ping_status":"closed","template":"elementor_header_footer","meta":{"footnotes":""},"class_list":["post-6029","page","type-page","status-publish","hentry"],"yoast_head":"<!-- This site is optimized with the Yoast SEO plugin v27.3 - https:\/\/yoast.com\/product\/yoast-seo-wordpress\/ -->\n<title>They talk about us - Taup&#039; Green<\/title>\n<meta name=\"robots\" content=\"index, follow, max-snippet:-1, max-image-preview:large, max-video-preview:-1\" \/>\n<link rel=\"canonical\" href=\"https:\/\/taupegreen.com\/en\/our-references\/\" \/>\n<meta property=\"og:locale\" content=\"en_US\" \/>\n<meta property=\"og:type\" content=\"article\" \/>\n<meta property=\"og:title\" content=\"They talk about us - Taup&#039; Green\" \/>\n<meta property=\"og:description\" content=\"They talk about us Home \/ They talk about us https:\/\/www.youtube.com\/watch?v=L1wa9rRdYDs Jean Pierre Coffe in &#8220;Vivement Dimanche https:\/\/www.youtube.com\/watch?v=7K3kDs-2Iyo&#038;t=44s Easily trap a Mole https:\/\/www.youtube.com\/watch?v=Q2xE20mx1BU J\u00e9r\u00f4me Dormion at the Ch\u00e2teau de Versailles https:\/\/taupegreen.com\/wp-content\/uploads\/2024\/03\/video-35.mp4 E=M6 Mole and Earthworms https:\/\/www.youtube.com\/watch?v=FVp1dfGbTBk&#038;t=1s Interview with Alain Baraton at the Ch\u00e2teau de Versailles\" \/>\n<meta property=\"og:url\" content=\"https:\/\/taupegreen.com\/en\/our-references\/\" \/>\n<meta property=\"og:site_name\" content=\"Taup&#039; Green\" \/>\n<meta property=\"article:modified_time\" content=\"2026-03-09T10:13:20+00:00\" \/>\n<meta property=\"og:image\" content=\"https:\/\/taupegreen.com\/wp-content\/uploads\/2024\/03\/unnamed-6.jpg\" \/>\n\t<meta property=\"og:image:width\" content=\"507\" \/>\n\t<meta property=\"og:image:height\" content=\"512\" \/>\n\t<meta property=\"og:image:type\" content=\"image\/jpeg\" \/>\n<meta name=\"twitter:card\" content=\"summary_large_image\" \/>\n<script type=\"application\/ld+json\" class=\"yoast-schema-graph\">{\"@context\":\"https:\\\/\\\/schema.org\",\"@graph\":[{\"@type\":\"WebPage\",\"@id\":\"https:\\\/\\\/taupegreen.com\\\/en\\\/our-references\\\/\",\"url\":\"https:\\\/\\\/taupegreen.com\\\/en\\\/our-references\\\/\",\"name\":\"They talk about us - Taup&#039; Green\",\"isPartOf\":{\"@id\":\"https:\\\/\\\/taupegreen.com\\\/en\\\/#website\"},\"primaryImageOfPage\":{\"@id\":\"https:\\\/\\\/taupegreen.com\\\/en\\\/our-references\\\/#primaryimage\"},\"image\":{\"@id\":\"https:\\\/\\\/taupegreen.com\\\/en\\\/our-references\\\/#primaryimage\"},\"thumbnailUrl\":\"https:\\\/\\\/taupegreen.com\\\/wp-content\\\/uploads\\\/2024\\\/03\\\/unnamed-6.jpg\",\"datePublished\":\"2022-07-21T07:12:42+00:00\",\"dateModified\":\"2026-03-09T10:13:20+00:00\",\"breadcrumb\":{\"@id\":\"https:\\\/\\\/taupegreen.com\\\/en\\\/our-references\\\/#breadcrumb\"},\"inLanguage\":\"en-US\",\"potentialAction\":[{\"@type\":\"ReadAction\",\"target\":[\"https:\\\/\\\/taupegreen.com\\\/en\\\/our-references\\\/\"]}]},{\"@type\":\"ImageObject\",\"inLanguage\":\"en-US\",\"@id\":\"https:\\\/\\\/taupegreen.com\\\/en\\\/our-references\\\/#primaryimage\",\"url\":\"https:\\\/\\\/taupegreen.com\\\/wp-content\\\/uploads\\\/2024\\\/03\\\/unnamed-6.jpg\",\"contentUrl\":\"https:\\\/\\\/taupegreen.com\\\/wp-content\\\/uploads\\\/2024\\\/03\\\/unnamed-6.jpg\"},{\"@type\":\"BreadcrumbList\",\"@id\":\"https:\\\/\\\/taupegreen.com\\\/en\\\/our-references\\\/#breadcrumb\",\"itemListElement\":[{\"@type\":\"ListItem\",\"position\":1,\"name\":\"Accueil\",\"item\":\"https:\\\/\\\/taupegreen.com\\\/en\\\/home\\\/\"},{\"@type\":\"ListItem\",\"position\":2,\"name\":\"They talk about us\"}]},{\"@type\":\"WebSite\",\"@id\":\"https:\\\/\\\/taupegreen.com\\\/en\\\/#website\",\"url\":\"https:\\\/\\\/taupegreen.com\\\/en\\\/\",\"name\":\"Taup&#039; Green\",\"description\":\"1er r\u00e9seau de taupiers en France\",\"publisher\":{\"@id\":\"https:\\\/\\\/taupegreen.com\\\/en\\\/#organization\"},\"potentialAction\":[{\"@type\":\"SearchAction\",\"target\":{\"@type\":\"EntryPoint\",\"urlTemplate\":\"https:\\\/\\\/taupegreen.com\\\/en\\\/?s={search_term_string}\"},\"query-input\":{\"@type\":\"PropertyValueSpecification\",\"valueRequired\":true,\"valueName\":\"search_term_string\"}}],\"inLanguage\":\"en-US\"},{\"@type\":\"Organization\",\"@id\":\"https:\\\/\\\/taupegreen.com\\\/en\\\/#organization\",\"name\":\"Taup&#039; Green\",\"url\":\"https:\\\/\\\/taupegreen.com\\\/en\\\/\",\"logo\":{\"@type\":\"ImageObject\",\"inLanguage\":\"en-US\",\"@id\":\"https:\\\/\\\/taupegreen.com\\\/en\\\/#\\\/schema\\\/logo\\\/image\\\/\",\"url\":\"https:\\\/\\\/taupegreen.com\\\/wp-content\\\/uploads\\\/2024\\\/03\\\/cropped-Logo.png\",\"contentUrl\":\"https:\\\/\\\/taupegreen.com\\\/wp-content\\\/uploads\\\/2024\\\/03\\\/cropped-Logo.png\",\"width\":225,\"height\":169,\"caption\":\"Taup&#039; Green\"},\"image\":{\"@id\":\"https:\\\/\\\/taupegreen.com\\\/en\\\/#\\\/schema\\\/logo\\\/image\\\/\"}}]}<\/script>\n<!-- \/ Yoast SEO plugin. -->","yoast_head_json":{"title":"They talk about us - Taup&#039; Green","robots":{"index":"index","follow":"follow","max-snippet":"max-snippet:-1","max-image-preview":"max-image-preview:large","max-video-preview":"max-video-preview:-1"},"canonical":"https:\/\/taupegreen.com\/en\/our-references\/","og_locale":"en_US","og_type":"article","og_title":"They talk about us - Taup&#039; Green","og_description":"They talk about us Home \/ They talk about us https:\/\/www.youtube.com\/watch?v=L1wa9rRdYDs Jean Pierre Coffe in &#8220;Vivement Dimanche https:\/\/www.youtube.com\/watch?v=7K3kDs-2Iyo&#038;t=44s Easily trap a Mole https:\/\/www.youtube.com\/watch?v=Q2xE20mx1BU J\u00e9r\u00f4me Dormion at the Ch\u00e2teau de Versailles https:\/\/taupegreen.com\/wp-content\/uploads\/2024\/03\/video-35.mp4 E=M6 Mole and Earthworms https:\/\/www.youtube.com\/watch?v=FVp1dfGbTBk&#038;t=1s Interview with Alain Baraton at the Ch\u00e2teau de Versailles","og_url":"https:\/\/taupegreen.com\/en\/our-references\/","og_site_name":"Taup&#039; Green","article_modified_time":"2026-03-09T10:13:20+00:00","og_image":[{"width":507,"height":512,"url":"https:\/\/taupegreen.com\/wp-content\/uploads\/2024\/03\/unnamed-6.jpg","type":"image\/jpeg"}],"twitter_card":"summary_large_image","schema":{"@context":"https:\/\/schema.org","@graph":[{"@type":"WebPage","@id":"https:\/\/taupegreen.com\/en\/our-references\/","url":"https:\/\/taupegreen.com\/en\/our-references\/","name":"They talk about us - Taup&#039; Green","isPartOf":{"@id":"https:\/\/taupegreen.com\/en\/#website"},"primaryImageOfPage":{"@id":"https:\/\/taupegreen.com\/en\/our-references\/#primaryimage"},"image":{"@id":"https:\/\/taupegreen.com\/en\/our-references\/#primaryimage"},"thumbnailUrl":"https:\/\/taupegreen.com\/wp-content\/uploads\/2024\/03\/unnamed-6.jpg","datePublished":"2022-07-21T07:12:42+00:00","dateModified":"2026-03-09T10:13:20+00:00","breadcrumb":{"@id":"https:\/\/taupegreen.com\/en\/our-references\/#breadcrumb"},"inLanguage":"en-US","potentialAction":[{"@type":"ReadAction","target":["https:\/\/taupegreen.com\/en\/our-references\/"]}]},{"@type":"ImageObject","inLanguage":"en-US","@id":"https:\/\/taupegreen.com\/en\/our-references\/#primaryimage","url":"https:\/\/taupegreen.com\/wp-content\/uploads\/2024\/03\/unnamed-6.jpg","contentUrl":"https:\/\/taupegreen.com\/wp-content\/uploads\/2024\/03\/unnamed-6.jpg"},{"@type":"BreadcrumbList","@id":"https:\/\/taupegreen.com\/en\/our-references\/#breadcrumb","itemListElement":[{"@type":"ListItem","position":1,"name":"Accueil","item":"https:\/\/taupegreen.com\/en\/home\/"},{"@type":"ListItem","position":2,"name":"They talk about us"}]},{"@type":"WebSite","@id":"https:\/\/taupegreen.com\/en\/#website","url":"https:\/\/taupegreen.com\/en\/","name":"Taup&#039; Green","description":"1er r\u00e9seau de taupiers en France","publisher":{"@id":"https:\/\/taupegreen.com\/en\/#organization"},"potentialAction":[{"@type":"SearchAction","target":{"@type":"EntryPoint","urlTemplate":"https:\/\/taupegreen.com\/en\/?s={search_term_string}"},"query-input":{"@type":"PropertyValueSpecification","valueRequired":true,"valueName":"search_term_string"}}],"inLanguage":"en-US"},{"@type":"Organization","@id":"https:\/\/taupegreen.com\/en\/#organization","name":"Taup&#039; Green","url":"https:\/\/taupegreen.com\/en\/","logo":{"@type":"ImageObject","inLanguage":"en-US","@id":"https:\/\/taupegreen.com\/en\/#\/schema\/logo\/image\/","url":"https:\/\/taupegreen.com\/wp-content\/uploads\/2024\/03\/cropped-Logo.png","contentUrl":"https:\/\/taupegreen.com\/wp-content\/uploads\/2024\/03\/cropped-Logo.png","width":225,"height":169,"caption":"Taup&#039; Green"},"image":{"@id":"https:\/\/taupegreen.com\/en\/#\/schema\/logo\/image\/"}}]}},"_links":{"self":[{"href":"https:\/\/taupegreen.com\/en\/wp-json\/wp\/v2\/pages\/6029","targetHints":{"allow":["GET"]}}],"collection":[{"href":"https:\/\/taupegreen.com\/en\/wp-json\/wp\/v2\/pages"}],"about":[{"href":"https:\/\/taupegreen.com\/en\/wp-json\/wp\/v2\/types\/page"}],"author":[{"embeddable":true,"href":"https:\/\/taupegreen.com\/en\/wp-json\/wp\/v2\/users\/1"}],"replies":[{"embeddable":true,"href":"https:\/\/taupegreen.com\/en\/wp-json\/wp\/v2\/comments?post=6029"}],"version-history":[{"count":4,"href":"https:\/\/taupegreen.com\/en\/wp-json\/wp\/v2\/pages\/6029\/revisions"}],"predecessor-version":[{"id":7847,"href":"https:\/\/taupegreen.com\/en\/wp-json\/wp\/v2\/pages\/6029\/revisions\/7847"}],"wp:attachment":[{"href":"https:\/\/taupegreen.com\/en\/wp-json\/wp\/v2\/media?parent=6029"}],"curies":[{"name":"wp","href":"https:\/\/api.w.org\/{rel}","templated":true}]}}